{"id":2850,"date":"2023-08-24T12:38:39","date_gmt":"2023-08-24T12:38:39","guid":{"rendered":"https:\/\/insights-37.com\/?page_id=2850"},"modified":"2023-11-02T10:03:09","modified_gmt":"2023-11-02T10:03:09","slug":"resources","status":"publish","type":"page","link":"https:\/\/insights-37.com\/fr\/resources\/","title":{"rendered":"Ressources"},"content":{"rendered":"<form role=\"search\" method=\"get\" action=\"https:\/\/insights-37.com\/fr\/\" class=\"wp-block-search__button-outside wp-block-search__icon-button wp-block-search\" data-trp-original-action=\"https:\/\/insights-37.com\/fr\/\"    ><label class=\"wp-block-search__label screen-reader-text\" for=\"wp-block-search__input-1\" >Search<\/label><div class=\"wp-block-search__inside-wrapper\"  style=\"width: 100%\"><input class=\"wp-block-search__input has-medium-font-size\" id=\"wp-block-search__input-1\" placeholder=\"Search articles...\" value=\"\" type=\"search\" name=\"s\" required \/><button aria-label=\"Search\" class=\"wp-block-search__button has-text-color has-white-color has-background has-ast-global-color-0-background-color has-medium-font-size has-icon wp-element-button\" type=\"submit\" ><svg class=\"search-icon\" viewbox=\"0 0 24 24\" width=\"24\" height=\"24\">\n\t\t\t\t\t<path d=\"M13 5c-3.3 0-6 2.7-6 6 0 1.4.5 2.7 1.3 3.7l-3.8 3.8 1.1 1.1 3.8-3.8c1 .8 2.3 1.3 3.7 1.3 3.3 0 6-2.7 6-6S16.3 5 13 5zm0 10.5c-2.5 0-4.5-2-4.5-4.5s2-4.5 4.5-4.5 4.5 2 4.5 4.5-2 4.5-4.5 4.5z\"><\/path>\n\t\t\t\t<\/svg><\/button><\/div><input type=\"hidden\" name=\"trp-form-language\" value=\"fr\"\/><\/form>\n\n<div  class=\"tpgb-wrap-b066ba  tpgb-wrap-fw\"  ><div id=\"b066ba\" class=\"tpgb-post-listing tpgb-relative-block    tpgb-block-b066ba dynamic-style-2 tpgb-isotope layout-style-1\" data-id=\"b066ba\" data-style=\"dynamic-style-2\"   data-layout=\"grid\"  data-connection=\"tpgb_search\"   ><div class=\"tpgb-row post-loop-inner\" ><div class=\"grid-item tpgb-col  tpgb-col-lg-4 tpgb-col-md-6 tpgb-col-sm-12 tpgb-col-12\">\r\n<div class=\"dynamic-list-content tpgb-dynamic-tran\">\r\n\t\r\n\t \r\n\t<div class=\"post-content-image\">\r\n\t\t\t<div class=\"tpgb-post-featured-img tpgb-dynamic-tran hover-image-style-1\">\r\n\t\t<a href=\"https:\/\/insights-37.com\/fr\/the-margin-bridge-your-revenue-management-ally\/\" aria-label=\"The Margin Bridge: Your Revenue Management Ally\">\r\n\t\t\t<img loading=\"lazy\" decoding=\"async\" width=\"700\" height=\"700\" src=\"https:\/\/insights-37.com\/wp-content\/uploads\/2023\/11\/margin-bridge-700x700.png\" class=\"tpgb-d-block tpgb-post-img tpgb-dynamic-tran wp-post-image\" alt=\"\" srcset=\"https:\/\/insights-37.com\/wp-content\/uploads\/2023\/11\/margin-bridge-700x700.png 700w, https:\/\/insights-37.com\/wp-content\/uploads\/2023\/11\/margin-bridge-150x150.png 150w\" sizes=\"auto, (max-width: 700px) 100vw, 700px\" \/>\t\t<\/a>\r\n\t<\/div>\t\t\t<\/div>\r\n\t\t\r\n\t<div class=\"tpgb-content-bottom text-center\">\r\n\t\t\t\t\t\t<h3 class=\"tpgb-post-title tpgb-dynamic-tran\">\r\n\t<a href=\"https:\/\/insights-37.com\/fr\/the-margin-bridge-your-revenue-management-ally\/\">The Margin Bridge: Your Revenue Management Ally<\/a>\r\n<\/h3>\t\t<div class=\"tpgb-post-hover-content\">\r\n\t\t\t\t<div class=\"tpgb-post-excerpt tpgb-d-block tpgb-dynamic-tran\"><p>It is crucial for strategic decision-making to understand the nuances behind fluctuations in revenue&#8230;<\/p><\/div>\r\n<div class=\"post-meta-info post-info-style-1\">\r\n\t    <span class=\"post-meta-date\"><a href=\"https:\/\/insights-37.com\/fr\/the-margin-bridge-your-revenue-management-ally\/\" class=\"tpgb-dynamic-tran post-entry-date\">novembre 15, 2023<\/a><\/span>\r\n\t\t<span class=\"tpgb-dynamic-tran\">|<\/span> \r\n\t\t\t<span class=\"post-meta-author tpgb-dynamic-tran\">By  <a href=\"https:\/\/insights-37.com\/fr\/author\/nguyenf\/\" rel=\"author\" class=\"tpgb-dynamic-tran\">Fr\u00e9d\u00e9ric Nguyen<\/a><\/span>\r\n\t<\/div>\r\n\r\n\t\t<\/div>\r\n\t\t\t<\/div>\r\n\t\t<\/div><\/div><div class=\"grid-item tpgb-col  tpgb-col-lg-4 tpgb-col-md-6 tpgb-col-sm-12 tpgb-col-12\">\r\n<div class=\"dynamic-list-content tpgb-dynamic-tran\">\r\n\t\r\n\t \r\n\t<div class=\"post-content-image\">\r\n\t\t\t<div class=\"tpgb-post-featured-img tpgb-dynamic-tran hover-image-style-1\">\r\n\t\t<a href=\"https:\/\/insights-37.com\/fr\/maximizing-profitability-through-price-band-analysis\/\" aria-label=\"Maximizing Profitability through Price Band Analysis\">\r\n\t\t\t<img loading=\"lazy\" decoding=\"async\" width=\"700\" height=\"700\" src=\"https:\/\/insights-37.com\/wp-content\/uploads\/2023\/11\/price-band-700x700.png\" class=\"tpgb-d-block tpgb-post-img tpgb-dynamic-tran wp-post-image\" alt=\"\" srcset=\"https:\/\/insights-37.com\/wp-content\/uploads\/2023\/11\/price-band-700x700.png 700w, https:\/\/insights-37.com\/wp-content\/uploads\/2023\/11\/price-band-150x150.png 150w\" sizes=\"auto, (max-width: 700px) 100vw, 700px\" \/>\t\t<\/a>\r\n\t<\/div>\t\t\t<\/div>\r\n\t\t\r\n\t<div class=\"tpgb-content-bottom text-center\">\r\n\t\t\t\t\t\t<h3 class=\"tpgb-post-title tpgb-dynamic-tran\">\r\n\t<a href=\"https:\/\/insights-37.com\/fr\/maximizing-profitability-through-price-band-analysis\/\">Maximizing Profitability through Price Band Analysis<\/a>\r\n<\/h3>\t\t<div class=\"tpgb-post-hover-content\">\r\n\t\t\t\t<div class=\"tpgb-post-excerpt tpgb-d-block tpgb-dynamic-tran\"><p>Pricing plays a pivotal role in determining the success of a product or service. One powerful tool t&#8230;<\/p><\/div>\r\n<div class=\"post-meta-info post-info-style-1\">\r\n\t    <span class=\"post-meta-date\"><a href=\"https:\/\/insights-37.com\/fr\/maximizing-profitability-through-price-band-analysis\/\" class=\"tpgb-dynamic-tran post-entry-date\">novembre 8, 2023<\/a><\/span>\r\n\t\t<span class=\"tpgb-dynamic-tran\">|<\/span> \r\n\t\t\t<span class=\"post-meta-author tpgb-dynamic-tran\">By  <a href=\"https:\/\/insights-37.com\/fr\/author\/nguyenf\/\" rel=\"author\" class=\"tpgb-dynamic-tran\">Fr\u00e9d\u00e9ric Nguyen<\/a><\/span>\r\n\t<\/div>\r\n\r\n\t\t<\/div>\r\n\t\t\t<\/div>\r\n\t\t<\/div><\/div><div class=\"grid-item tpgb-col  tpgb-col-lg-4 tpgb-col-md-6 tpgb-col-sm-12 tpgb-col-12\">\r\n<div class=\"dynamic-list-content tpgb-dynamic-tran\">\r\n\t\r\n\t \r\n\t<div class=\"post-content-image\">\r\n\t\t\t<div class=\"tpgb-post-featured-img tpgb-dynamic-tran hover-image-style-1\">\r\n\t\t<a href=\"https:\/\/insights-37.com\/fr\/the-pricing-waterfall-a-comprehensive-guide\/\" aria-label=\"The Pricing Waterfall: A Comprehensive Guide\">\r\n\t\t\t<img loading=\"lazy\" decoding=\"async\" width=\"700\" height=\"700\" src=\"https:\/\/insights-37.com\/wp-content\/uploads\/2023\/11\/pricing-waterfall-700x700.png\" class=\"tpgb-d-block tpgb-post-img tpgb-dynamic-tran wp-post-image\" alt=\"\" srcset=\"https:\/\/insights-37.com\/wp-content\/uploads\/2023\/11\/pricing-waterfall-700x700.png 700w, https:\/\/insights-37.com\/wp-content\/uploads\/2023\/11\/pricing-waterfall-150x150.png 150w\" sizes=\"auto, (max-width: 700px) 100vw, 700px\" \/>\t\t<\/a>\r\n\t<\/div>\t\t\t<\/div>\r\n\t\t\r\n\t<div class=\"tpgb-content-bottom text-center\">\r\n\t\t\t\t\t\t<h3 class=\"tpgb-post-title tpgb-dynamic-tran\">\r\n\t<a href=\"https:\/\/insights-37.com\/fr\/the-pricing-waterfall-a-comprehensive-guide\/\">The Pricing Waterfall: A Comprehensive Guide<\/a>\r\n<\/h3>\t\t<div class=\"tpgb-post-hover-content\">\r\n\t\t\t\t<div class=\"tpgb-post-excerpt tpgb-d-block tpgb-dynamic-tran\"><p>Understanding the dynamics of a pricing waterfall is comparable to unlocking the secrets of effectiv&#8230;<\/p><\/div>\r\n<div class=\"post-meta-info post-info-style-1\">\r\n\t    <span class=\"post-meta-date\"><a href=\"https:\/\/insights-37.com\/fr\/the-pricing-waterfall-a-comprehensive-guide\/\" class=\"tpgb-dynamic-tran post-entry-date\">novembre 1, 2023<\/a><\/span>\r\n\t\t<span class=\"tpgb-dynamic-tran\">|<\/span> \r\n\t\t\t<span class=\"post-meta-author tpgb-dynamic-tran\">By  <a href=\"https:\/\/insights-37.com\/fr\/author\/nguyenf\/\" rel=\"author\" class=\"tpgb-dynamic-tran\">Fr\u00e9d\u00e9ric Nguyen<\/a><\/span>\r\n\t<\/div>\r\n\r\n\t\t<\/div>\r\n\t\t\t<\/div>\r\n\t\t<\/div><\/div><div class=\"grid-item tpgb-col  tpgb-col-lg-4 tpgb-col-md-6 tpgb-col-sm-12 tpgb-col-12\">\r\n<div class=\"dynamic-list-content tpgb-dynamic-tran\">\r\n\t\r\n\t \r\n\t<div class=\"post-content-image\">\r\n\t\t\t<div class=\"tpgb-post-featured-img tpgb-dynamic-tran hover-image-style-1\">\r\n\t\t<a href=\"https:\/\/insights-37.com\/fr\/striking-the-balance-navigating-the-revenue-vs-margin-dilemma-in-pricing-strategy\/\" aria-label=\"Revenue vs. Margin Dilemma in Pricing Strategy\">\r\n\t\t\t<img loading=\"lazy\" decoding=\"async\" width=\"700\" height=\"700\" src=\"https:\/\/insights-37.com\/wp-content\/uploads\/2023\/11\/28427-700x700.jpg\" class=\"tpgb-d-block tpgb-post-img tpgb-dynamic-tran wp-post-image\" alt=\"\" srcset=\"https:\/\/insights-37.com\/wp-content\/uploads\/2023\/11\/28427-700x700.jpg 700w, https:\/\/insights-37.com\/wp-content\/uploads\/2023\/11\/28427-300x300.jpg 300w, https:\/\/insights-37.com\/wp-content\/uploads\/2023\/11\/28427-1024x1024.jpg 1024w, https:\/\/insights-37.com\/wp-content\/uploads\/2023\/11\/28427-150x150.jpg 150w, https:\/\/insights-37.com\/wp-content\/uploads\/2023\/11\/28427-768x768.jpg 768w, https:\/\/insights-37.com\/wp-content\/uploads\/2023\/11\/28427-1536x1536.jpg 1536w, https:\/\/insights-37.com\/wp-content\/uploads\/2023\/11\/28427-2048x2048.jpg 2048w\" sizes=\"auto, (max-width: 700px) 100vw, 700px\" \/>\t\t<\/a>\r\n\t<\/div>\t\t\t<\/div>\r\n\t\t\r\n\t<div class=\"tpgb-content-bottom text-center\">\r\n\t\t\t\t\t\t<h3 class=\"tpgb-post-title tpgb-dynamic-tran\">\r\n\t<a href=\"https:\/\/insights-37.com\/fr\/striking-the-balance-navigating-the-revenue-vs-margin-dilemma-in-pricing-strategy\/\">Revenue vs. Margin Dilemma in Pricing Strategy<\/a>\r\n<\/h3>\t\t<div class=\"tpgb-post-hover-content\">\r\n\t\t\t\t<div class=\"tpgb-post-excerpt tpgb-d-block tpgb-dynamic-tran\"><p>One of the perennial debates in pricing strategy centers around the decision to prioritize either re&#8230;<\/p><\/div>\r\n<div class=\"post-meta-info post-info-style-1\">\r\n\t    <span class=\"post-meta-date\"><a href=\"https:\/\/insights-37.com\/fr\/striking-the-balance-navigating-the-revenue-vs-margin-dilemma-in-pricing-strategy\/\" class=\"tpgb-dynamic-tran post-entry-date\">octobre 25, 2023<\/a><\/span>\r\n\t\t<span class=\"tpgb-dynamic-tran\">|<\/span> \r\n\t\t\t<span class=\"post-meta-author tpgb-dynamic-tran\">By  <a href=\"https:\/\/insights-37.com\/fr\/author\/nguyenf\/\" rel=\"author\" class=\"tpgb-dynamic-tran\">Fr\u00e9d\u00e9ric Nguyen<\/a><\/span>\r\n\t<\/div>\r\n\r\n\t\t<\/div>\r\n\t\t\t<\/div>\r\n\t\t<\/div><\/div><div class=\"grid-item tpgb-col  tpgb-col-lg-4 tpgb-col-md-6 tpgb-col-sm-12 tpgb-col-12\">\r\n<div class=\"dynamic-list-content tpgb-dynamic-tran\">\r\n\t\r\n\t \r\n\t<div class=\"post-content-image\">\r\n\t\t\t<div class=\"tpgb-post-featured-img tpgb-dynamic-tran hover-image-style-1\">\r\n\t\t<a href=\"https:\/\/insights-37.com\/fr\/optimizing-your-pricing-strategy-with-the-pareto-model\/\" aria-label=\"Optimizing Pricing Strategy with the Pareto Model\">\r\n\t\t\t<img loading=\"lazy\" decoding=\"async\" width=\"700\" height=\"700\" src=\"https:\/\/insights-37.com\/wp-content\/uploads\/2023\/09\/pareto-zoom-700x700.png\" class=\"tpgb-d-block tpgb-post-img tpgb-dynamic-tran wp-post-image\" alt=\"\" srcset=\"https:\/\/insights-37.com\/wp-content\/uploads\/2023\/09\/pareto-zoom-700x700.png 700w, https:\/\/insights-37.com\/wp-content\/uploads\/2023\/09\/pareto-zoom-150x150.png 150w\" sizes=\"auto, (max-width: 700px) 100vw, 700px\" \/>\t\t<\/a>\r\n\t<\/div>\t\t\t<\/div>\r\n\t\t\r\n\t<div class=\"tpgb-content-bottom text-center\">\r\n\t\t\t\t\t\t<h3 class=\"tpgb-post-title tpgb-dynamic-tran\">\r\n\t<a href=\"https:\/\/insights-37.com\/fr\/optimizing-your-pricing-strategy-with-the-pareto-model\/\">Optimizing Pricing Strategy with the Pareto Model<\/a>\r\n<\/h3>\t\t<div class=\"tpgb-post-hover-content\">\r\n\t\t\t\t<div class=\"tpgb-post-excerpt tpgb-d-block tpgb-dynamic-tran\"><p>In the world of business, making the right pricing decisions is crucial for success. Accurate pricin&#8230;<\/p><\/div>\r\n<div class=\"post-meta-info post-info-style-1\">\r\n\t    <span class=\"post-meta-date\"><a href=\"https:\/\/insights-37.com\/fr\/optimizing-your-pricing-strategy-with-the-pareto-model\/\" class=\"tpgb-dynamic-tran post-entry-date\">octobre 18, 2023<\/a><\/span>\r\n\t\t<span class=\"tpgb-dynamic-tran\">|<\/span> \r\n\t\t\t<span class=\"post-meta-author tpgb-dynamic-tran\">By  <a href=\"https:\/\/insights-37.com\/fr\/author\/nguyenf\/\" rel=\"author\" class=\"tpgb-dynamic-tran\">Fr\u00e9d\u00e9ric Nguyen<\/a><\/span>\r\n\t<\/div>\r\n\r\n\t\t<\/div>\r\n\t\t\t<\/div>\r\n\t\t<\/div><\/div><div class=\"grid-item tpgb-col  tpgb-col-lg-4 tpgb-col-md-6 tpgb-col-sm-12 tpgb-col-12\">\r\n<div class=\"dynamic-list-content tpgb-dynamic-tran\">\r\n\t\r\n\t \r\n\t<div class=\"post-content-image\">\r\n\t\t\t<div class=\"tpgb-post-featured-img tpgb-dynamic-tran hover-image-style-1\">\r\n\t\t<a href=\"https:\/\/insights-37.com\/fr\/how-automation-enhances-pricing-analytics\/\" aria-label=\"How Automation Enhances Pricing Analytics\">\r\n\t\t\t<img loading=\"lazy\" decoding=\"async\" width=\"700\" height=\"700\" src=\"https:\/\/insights-37.com\/wp-content\/uploads\/2023\/09\/Automation-1-700x700.jpg\" class=\"tpgb-d-block tpgb-post-img tpgb-dynamic-tran wp-post-image\" alt=\"\" srcset=\"https:\/\/insights-37.com\/wp-content\/uploads\/2023\/09\/Automation-1-700x700.jpg 700w, https:\/\/insights-37.com\/wp-content\/uploads\/2023\/09\/Automation-1-300x300.jpg 300w, https:\/\/insights-37.com\/wp-content\/uploads\/2023\/09\/Automation-1-1024x1024.jpg 1024w, https:\/\/insights-37.com\/wp-content\/uploads\/2023\/09\/Automation-1-150x150.jpg 150w, https:\/\/insights-37.com\/wp-content\/uploads\/2023\/09\/Automation-1-768x768.jpg 768w, https:\/\/insights-37.com\/wp-content\/uploads\/2023\/09\/Automation-1-1536x1536.jpg 1536w, https:\/\/insights-37.com\/wp-content\/uploads\/2023\/09\/Automation-1-2048x2048.jpg 2048w\" sizes=\"auto, (max-width: 700px) 100vw, 700px\" \/>\t\t<\/a>\r\n\t<\/div>\t\t\t<\/div>\r\n\t\t\r\n\t<div class=\"tpgb-content-bottom text-center\">\r\n\t\t\t\t\t\t<h3 class=\"tpgb-post-title tpgb-dynamic-tran\">\r\n\t<a href=\"https:\/\/insights-37.com\/fr\/how-automation-enhances-pricing-analytics\/\">How Automation Enhances Pricing Analytics<\/a>\r\n<\/h3>\t\t<div class=\"tpgb-post-hover-content\">\r\n\t\t\t\t<div class=\"tpgb-post-excerpt tpgb-d-block tpgb-dynamic-tran\"><p>To conduct pricing analytics effectively, the need for accurate and timely reports is ever-increasin&#8230;<\/p><\/div>\r\n<div class=\"post-meta-info post-info-style-1\">\r\n\t    <span class=\"post-meta-date\"><a href=\"https:\/\/insights-37.com\/fr\/how-automation-enhances-pricing-analytics\/\" class=\"tpgb-dynamic-tran post-entry-date\">octobre 11, 2023<\/a><\/span>\r\n\t\t<span class=\"tpgb-dynamic-tran\">|<\/span> \r\n\t\t\t<span class=\"post-meta-author tpgb-dynamic-tran\">By  <a href=\"https:\/\/insights-37.com\/fr\/author\/nguyenf\/\" rel=\"author\" class=\"tpgb-dynamic-tran\">Fr\u00e9d\u00e9ric Nguyen<\/a><\/span>\r\n\t<\/div>\r\n\r\n\t\t<\/div>\r\n\t\t\t<\/div>\r\n\t\t<\/div><\/div><\/div><\/div><\/div>","protected":false},"excerpt":{"rendered":"","protected":false},"author":1,"featured_media":0,"parent":0,"menu_order":0,"comment_status":"closed","ping_status":"closed","template":"","meta":{"tpgb_global_settings":"","_uag_custom_page_level_css":"","site-sidebar-layout":"default","site-content-layout":"","ast-site-content-layout":"default","site-content-style":"default","site-sidebar-style":"default","ast-global-header-display":"","ast-banner-title-visibility":"","ast-main-header-display":"","ast-hfb-above-header-display":"","ast-hfb-below-header-display":"","ast-hfb-mobile-header-display":"","site-post-title":"disabled","ast-breadcrumbs-content":"","ast-featured-img":"","footer-sml-layout":"","ast-disable-related-posts":"","theme-transparent-header-meta":"","adv-header-id-meta":"","stick-header-meta":"","header-above-stick-meta":"","header-main-stick-meta":"","header-below-stick-meta":"","astra-migrate-meta-layouts":"default","ast-page-background-enabled":"default","ast-page-background-meta":{"desktop":{"background-color":"var(--ast-global-color-4)","background-image":"","background-repeat":"repeat","background-position":"center center","background-size":"auto","background-attachment":"scroll","background-type":"","background-media":"","overlay-type":"","overlay-color":"","overlay-opacity":"","overlay-gradient":""},"tablet":{"background-color":"","background-image":"","background-repeat":"repeat","background-position":"center center","background-size":"auto","background-attachment":"scroll","background-type":"","background-media":"","overlay-type":"","overlay-color":"","overlay-opacity":"","overlay-gradient":""},"mobile":{"background-color":"","background-image":"","background-repeat":"repeat","background-position":"center center","background-size":"auto","background-attachment":"scroll","background-type":"","background-media":"","overlay-type":"","overlay-color":"","overlay-opacity":"","overlay-gradient":""}},"ast-content-background-meta":{"desktop":{"background-color":"var(--ast-global-color-5)","background-image":"","background-repeat":"repeat","background-position":"center center","background-size":"auto","background-attachment":"scroll","background-type":"","background-media":"","overlay-type":"","overlay-color":"","overlay-opacity":"","overlay-gradient":""},"tablet":{"background-color":"var(--ast-global-color-5)","background-image":"","background-repeat":"repeat","background-position":"center center","background-size":"auto","background-attachment":"scroll","background-type":"","background-media":"","overlay-type":"","overlay-color":"","overlay-opacity":"","overlay-gradient":""},"mobile":{"background-color":"var(--ast-global-color-5)","background-image":"","background-repeat":"repeat","background-position":"center center","background-size":"auto","background-attachment":"scroll","background-type":"","background-media":"","overlay-type":"","overlay-color":"","overlay-opacity":"","overlay-gradient":""}},"_themeisle_gutenberg_block_has_review":false,"footnotes":""},"class_list":["post-2850","page","type-page","status-publish","hentry"],"featured_image_src":null,"tpgb_featured_images":null,"tpgb_post_meta_info":{"get_date":"ao\u00fbt 24, 2023","get_modified_date":"novembre 2, 2023","author_name":"Fr\u00e9d\u00e9ric Nguyen","author_url":"https:\/\/insights-37.com\/fr\/author\/nguyenf\/","author_email":"fnn@page-37.com","author_website":"https:\/\/insights-37.com","author_description":"","author_facebook":"","author_twitter":"","author_instagram":"","author_role":["administrator"],"author_firstname":"","author_lastname":"","user_login":"nguyenf","author_avatar":"<img alt='' src='https:\/\/secure.gravatar.com\/avatar\/b461c33fd6b228455ff700f300b8974f6f1a16af29d727a803be876d10fd5854?s=200&#038;d=mm&#038;r=g' srcset='https:\/\/secure.gravatar.com\/avatar\/b461c33fd6b228455ff700f300b8974f6f1a16af29d727a803be876d10fd5854?s=400&#038;d=mm&#038;r=g 2x' class='avatar avatar-200 photo' height='200' width='200' loading='lazy' decoding='async'\/>","author_avatar_url":"https:\/\/secure.gravatar.com\/avatar\/b461c33fd6b228455ff700f300b8974f6f1a16af29d727a803be876d10fd5854?s=96&d=mm&r=g","comment_count":0,"post_likes":0,"post_views":0},"tpgb_post_category":[],"uagb_featured_image_src":{"full":false,"thumbnail":false,"medium":false,"medium_large":false,"large":false,"1536x1536":false,"2048x2048":false,"trp-custom-language-flag":false,"tp-image-grid":false},"uagb_author_info":{"display_name":"Fr\u00e9d\u00e9ric Nguyen","author_link":"https:\/\/insights-37.com\/fr\/author\/nguyenf\/"},"uagb_comment_info":0,"uagb_excerpt":null,"_links":{"self":[{"href":"https:\/\/insights-37.com\/fr\/wp-json\/wp\/v2\/pages\/2850","targetHints":{"allow":["GET"]}}],"collection":[{"href":"https:\/\/insights-37.com\/fr\/wp-json\/wp\/v2\/pages"}],"about":[{"href":"https:\/\/insights-37.com\/fr\/wp-json\/wp\/v2\/types\/page"}],"author":[{"embeddable":true,"href":"https:\/\/insights-37.com\/fr\/wp-json\/wp\/v2\/users\/1"}],"replies":[{"embeddable":true,"href":"https:\/\/insights-37.com\/fr\/wp-json\/wp\/v2\/comments?post=2850"}],"version-history":[{"count":26,"href":"https:\/\/insights-37.com\/fr\/wp-json\/wp\/v2\/pages\/2850\/revisions"}],"predecessor-version":[{"id":3668,"href":"https:\/\/insights-37.com\/fr\/wp-json\/wp\/v2\/pages\/2850\/revisions\/3668"}],"wp:attachment":[{"href":"https:\/\/insights-37.com\/fr\/wp-json\/wp\/v2\/media?parent=2850"}],"curies":[{"name":"wp","href":"https:\/\/api.w.org\/{rel}","templated":true}]}}