{"id":2901,"date":"2023-08-25T07:23:26","date_gmt":"2023-08-25T07:23:26","guid":{"rendered":"https:\/\/insights-37.com\/?page_id=2901"},"modified":"2023-10-27T08:47:37","modified_gmt":"2023-10-27T08:47:37","slug":"about-us","status":"publish","type":"page","link":"https:\/\/insights-37.com\/fr\/about-us\/","title":{"rendered":"\u00c0 propos de nous"},"content":{"rendered":"<div class=\"wp-block-uagb-container uagb-block-214311f6 alignfull uagb-is-root-container\"><div class=\"uagb-container-inner-blocks-wrap\">\n<div class=\"wp-block-uagb-container uagb-block-5a486d15\">\n<div class=\"wp-block-uagb-info-box uagb-block-186d793d uagb-infobox__content-wrap  uagb-infobox-icon-above-title uagb-infobox-image-valign-top\"><div class=\"uagb-ifb-content\"><div class=\"uagb-ifb-title-wrap\"><h2 class=\"uagb-ifb-title\">\u00c0 propos de nous<\/h2><\/div><div class=\"uagb-ifb-separator\"><\/div><p class=\"uagb-ifb-desc\">Nous sommes Insights-37, une initiative de Page-37. Reconnaissant l'importance cruciale des d\u00e9cisions tarifaires \u00e9clair\u00e9es, nous avons d\u00e9velopp\u00e9 une solution SAAS de pointe d\u00e9di\u00e9e \u00e0 l'analyse tarifaire. Notre objectif est de donner \u00e0 nos clients acc\u00e8s \u00e0 des donn\u00e9es pr\u00e9cieuses, garantissant qu'ils prennent des d\u00e9cisions tarifaires optimales pour un succ\u00e8s durable.<br><br>Nous ne sommes pas simplement impliqu\u00e9s - nous sommes vraiment passionn\u00e9s. Nous sommes r\u00e9ellement fiers de notre solide exp\u00e9rience de soutien aux entreprises pour progresser de mani\u00e8re claire, efficace et durable.<br><br>Nous travaillons en \u00e9troite collaboration avec nos clients comme une seule \u00e9quipe, obtenant des r\u00e9sultats qui perdurent vraiment.<br><br>La passion nous anime. Notre \u00e9quipe exp\u00e9riment\u00e9e associe son savoir-faire \u00e0 un engagement incessant \u00e0 trouver de nouvelles solutions intelligentes. Cela signifie que vous obtenez des r\u00e9ponses innovantes qui fonctionnent pour votre entreprise d\u00e8s maintenant.<br><br>Chez Insights-37, nous ne sommes pas seulement des conseillers - nous sommes vos partenaires dans le progr\u00e8s. Cr\u00e9ons ensemble un avenir de croissance et de succ\u00e8s.<\/p><\/div><\/div>\n<\/div>\n\n\n\n<div class=\"wp-block-uagb-container uagb-block-1ff5635e\">\n<div class=\"wp-block-uagb-image uagb-block-e0694eb5 wp-block-uagb-image--layout-default wp-block-uagb-image--effect-zoomin wp-block-uagb-image--align-none\"><figure class=\"wp-block-uagb-image__figure\"><img decoding=\"async\" srcset=\"https:\/\/insights-37.com\/wp-content\/uploads\/2023\/08\/9814-1024x744.jpg \" sizes=\"auto, (max-width: 480px) 150px\" src=\"https:\/\/insights-37.com\/wp-content\/uploads\/2023\/08\/9814-1024x744.jpg\" alt=\"\" class=\"uag-image-2946\" width=\"1024\" height=\"744\" title=\"\" loading=\"lazy\"\/><\/figure><\/div>\n<\/div>\n<\/div><\/div>\n\n\n\n<div class=\"wp-block-uagb-container transition: all ease-out .10s; uagb-block-d073745c alignfull uagb-is-root-container\"><div class=\"uagb-container-inner-blocks-wrap\">\n<div class=\"wp-block-uagb-advanced-heading uagb-block-52e6f048\" id=\"1-our-values\"><h2 class=\"uagb-heading-text\">Nos valeurs<\/h2><\/div>\n\n\n\n<div class=\"wp-block-uagb-container uagb-block-99692d14\">\n<div class=\"wp-block-uagb-container uagb-block-105089f7\">\n<div class=\"wp-block-uagb-info-box uagb-block-41b7352e uagb-infobox__content-wrap  uagb-infobox-icon-above-title uagb-infobox-image-valign-top\"><div class=\"uagb-ifb-content\"><div class=\"uagb-ifb-title-wrap\"><span class=\"uagb-ifb-title-prefix\">01.<\/span><h4 class=\"uagb-ifb-title\"><strong>Nous traitons votre entreprise comme si c'\u00e9tait la n\u00f4tre<\/strong>\u200b<\/h4><\/div><\/div><\/div>\n<\/div>\n\n\n\n<div class=\"wp-block-uagb-container uagb-block-e761455c\">\n<div class=\"wp-block-uagb-info-box uagb-block-ce3179c8 uagb-infobox__content-wrap  uagb-infobox-icon-above-title uagb-infobox-image-valign-top\"><div class=\"uagb-ifb-content\"><div class=\"uagb-ifb-title-wrap\"><span class=\"uagb-ifb-title-prefix\">02.<\/span><h4 class=\"uagb-ifb-title\"><strong>Nous prenons soin d'incorporer des capacit\u00e9s dans votre organisation<\/strong>\u200b<\/h4><\/div><\/div><\/div>\n<\/div>\n\n\n\n<div class=\"wp-block-uagb-container uagb-block-be17459a\">\n<div class=\"wp-block-uagb-info-box uagb-block-1e5ee18b uagb-infobox__content-wrap  uagb-infobox-icon-above-title uagb-infobox-image-valign-top\"><div class=\"uagb-ifb-content\"><div class=\"uagb-ifb-title-wrap\"><span class=\"uagb-ifb-title-prefix\">03.<\/span><h4 class=\"uagb-ifb-title\"><strong>Nous apportons de l'\u00e9nergie - et de l'inspiration - dans chaque engagement<\/strong><\/h4><\/div><\/div><\/div>\n<\/div>\n<\/div>\n\n\n\n<div class=\"wp-block-uagb-container uagb-block-f2ffe3a3\">\n<div class=\"wp-block-uagb-container uagb-block-c2633a32\">\n<div class=\"wp-block-uagb-info-box uagb-block-9dcdafe8 uagb-infobox__content-wrap  uagb-infobox-icon-above-title uagb-infobox-image-valign-top\"><div class=\"uagb-ifb-content\"><div class=\"uagb-ifb-title-wrap\"><span class=\"uagb-ifb-title-prefix\">04.<\/span><h4 class=\"uagb-ifb-title\"><strong>Nous croyons en la simplification et l'action<\/strong><\/h4><\/div><\/div><\/div>\n<\/div>\n\n\n\n<div class=\"wp-block-uagb-container uagb-block-c58820f8\">\n<div class=\"wp-block-uagb-info-box uagb-block-0241ed46 uagb-infobox__content-wrap  uagb-infobox-icon-above-title uagb-infobox-image-valign-top\"><div class=\"uagb-ifb-content\"><div class=\"uagb-ifb-title-wrap\"><span class=\"uagb-ifb-title-prefix\">05.<\/span><h4 class=\"uagb-ifb-title\"><strong>Nous faisons en sorte que cela se r\u00e9alise<\/strong><\/h4><\/div><\/div><\/div>\n<\/div>\n\n\n\n<div class=\"wp-block-uagb-container uagb-block-96d03d29\">\n<div class=\"wp-block-uagb-info-box uagb-block-d7106e88 uagb-infobox__content-wrap  uagb-infobox-icon-above-title uagb-infobox-image-valign-top\"><div class=\"uagb-ifb-content\"><div class=\"uagb-ifb-title-wrap\"><span class=\"uagb-ifb-title-prefix\">06.<\/span><h4 class=\"uagb-ifb-title\"><strong><strong>Nous mesurons notre succ\u00e8s \u00e0 votre succ\u00e8s<\/strong><\/strong><\/h4><\/div><\/div><\/div>\n<\/div>\n<\/div>\n<\/div><\/div>\n\n\n\n<div class=\"wp-block-uagb-container uagb-block-9f7d77a9 alignfull uagb-is-root-container\"><div class=\"uagb-container-inner-blocks-wrap\">\n<div class=\"wp-block-uagb-advanced-heading uagb-block-1e4394be\"><h2 class=\"uagb-heading-text\">Les personnes derri\u00e8re Insights-37<\/h2><\/div>\n\n\n\n<div class=\"wp-block-uagb-container uagb-block-ab6580a9\">\n<div class=\"wp-block-uagb-container uagb-block-3a1e9dc0\">\n<div class=\"wp-block-uagb-info-box uagb-block-b96ace52 uagb-infobox__content-wrap  uagb-infobox-icon-above-title uagb-infobox-image-valign-top\"><div class=\"uagb-ifb-content\"><div class=\"uagb-ifb-image-content\"><img decoding=\"async\" src=\"https:\/\/insights-37.com\/wp-content\/uploads\/2023\/08\/bjorn-removebg-preview.png\" alt=\"\" width=\"188\" height=\"188\" loading=\"lazy\"\/><\/div><div class=\"uagb-ifb-title-wrap\"><h5 class=\"uagb-ifb-title\">Bj\u00f6rn Willemsens<\/h5><\/div><p class=\"uagb-ifb-desc\">Partner<\/p><\/div><\/div>\n\n\n<div class=\"tpgb-social-icons style-5  text-center tpgb-block-d2e484\"><div class=\"tpgb-social-list\"><div id=\"tooltip69df189b50135\" class=\"social-icon-tooltip tp-repeater-item-b6tq style-5\"  ><div class=\"tpgb-social-loop-inner\"><a class=\"tpgb-icon-link\" href=\"https:\/\/www.linkedin.com\/in\/bjornwillemsens\/\" aria-label=\"LinkedIn\"   ><span class=\"tpgb-social-icn\"><i class=\"fab fa-linkedin-in\"><\/i><\/span><\/a><\/div><\/div><\/div><\/div><\/div>\n\n\n\n<div class=\"wp-block-uagb-container uagb-block-976fd56f\">\n<div class=\"wp-block-uagb-info-box uagb-block-814b4519 uagb-infobox__content-wrap  uagb-infobox-icon-above-title uagb-infobox-image-valign-top\"><div class=\"uagb-ifb-content\"><div class=\"uagb-ifb-image-content\"><img decoding=\"async\" src=\"https:\/\/insights-37.com\/wp-content\/uploads\/2023\/08\/johan-removebg-preview.png\" alt=\"\" width=\"188\" height=\"188\" loading=\"lazy\"\/><\/div><div class=\"uagb-ifb-title-wrap\"><h5 class=\"uagb-ifb-title\">Johan Plettinckx<\/h5><\/div><p class=\"uagb-ifb-desc\">Senior Consultant<\/p><\/div><\/div>\n\n\n<div class=\"tpgb-social-icons style-5  text-center tpgb-block-42067c\"><div class=\"tpgb-social-list\"><div id=\"tooltip69df189b5025a\" class=\"social-icon-tooltip tp-repeater-item-b6tq style-5\"  ><div class=\"tpgb-social-loop-inner\"><a class=\"tpgb-icon-link\" href=\"https:\/\/www.linkedin.com\/in\/johanplettinckx\/\" aria-label=\"LinkedIn\"   ><span class=\"tpgb-social-icn\"><i class=\"fab fa-linkedin-in\"><\/i><\/span><\/a><\/div><\/div><\/div><\/div><\/div>\n\n\n\n<div class=\"wp-block-uagb-container uagb-block-e70cfa07\">\n<div class=\"wp-block-uagb-info-box uagb-block-7539f8e3 uagb-infobox__content-wrap  uagb-infobox-icon-above-title uagb-infobox-image-valign-top\"><div class=\"uagb-ifb-content\"><div class=\"uagb-ifb-image-content\"><img decoding=\"async\" src=\"https:\/\/insights-37.com\/wp-content\/uploads\/2023\/08\/abhi-removebg-preview.png\" alt=\"\" width=\"188\" height=\"188\" loading=\"lazy\"\/><\/div><div class=\"uagb-ifb-title-wrap\"><h5 class=\"uagb-ifb-title\">Abhilash Sugunan<\/h5><\/div><p class=\"uagb-ifb-desc\">Senior Consultant<\/p><\/div><\/div>\n\n\n<div class=\"tpgb-social-icons style-5  text-center tpgb-block-52f323\"><div class=\"tpgb-social-list\"><div id=\"tooltip69df189b50338\" class=\"social-icon-tooltip tp-repeater-item-b6tq style-5\"  ><div class=\"tpgb-social-loop-inner\"><a class=\"tpgb-icon-link\" href=\"https:\/\/www.linkedin.com\/in\/abhilashsugunan\/\" aria-label=\"LinkedIn\"   ><span class=\"tpgb-social-icn\"><i class=\"fab fa-linkedin-in\"><\/i><\/span><\/a><\/div><\/div><\/div><\/div><\/div>\n\n\n\n<div class=\"wp-block-uagb-container uagb-block-7f9fae9a\">\n<div class=\"wp-block-uagb-info-box uagb-block-b1522781 uagb-infobox__content-wrap  uagb-infobox-icon-above-title uagb-infobox-image-valign-top\"><div class=\"uagb-ifb-content\"><div class=\"uagb-ifb-image-content\"><img decoding=\"async\" src=\"https:\/\/insights-37.com\/wp-content\/uploads\/2023\/08\/frederic-removebg-preview.png\" alt=\"\" width=\"188\" height=\"188\" loading=\"lazy\"\/><\/div><div class=\"uagb-ifb-title-wrap\"><h5 class=\"uagb-ifb-title\">Fr\u00e9d\u00e9ric Nguyen<\/h5><\/div><p class=\"uagb-ifb-desc\">Senior Consultant<\/p><\/div><\/div>\n\n\n<div class=\"tpgb-social-icons style-5  text-center tpgb-block-f7c119\"><div class=\"tpgb-social-list\"><div id=\"tooltip69df189b50449\" class=\"social-icon-tooltip tp-repeater-item-b6tq style-5\"  ><div class=\"tpgb-social-loop-inner\"><a class=\"tpgb-icon-link\" href=\"https:\/\/www.linkedin.com\/in\/fr%C3%A9d%C3%A9ric-nguyen-17a347131\/\" aria-label=\"LinkedIn\"   ><span class=\"tpgb-social-icn\"><i class=\"fab fa-linkedin-in\"><\/i><\/span><\/a><\/div><\/div><\/div><\/div><\/div>\n<\/div>\n<\/div><\/div>","protected":false},"excerpt":{"rendered":"<p>Our Values The People Behind Insights-37<\/p>","protected":false},"author":1,"featured_media":0,"parent":0,"menu_order":0,"comment_status":"closed","ping_status":"closed","template":"","meta":{"tpgb_global_settings":"","_uag_custom_page_level_css":"","site-sidebar-layout":"default","site-content-layout":"","ast-site-content-layout":"default","site-content-style":"default","site-sidebar-style":"default","ast-global-header-display":"","ast-banner-title-visibility":"","ast-main-header-display":"","ast-hfb-above-header-display":"","ast-hfb-below-header-display":"","ast-hfb-mobile-header-display":"","site-post-title":"disabled","ast-breadcrumbs-content":"","ast-featured-img":"","footer-sml-layout":"","ast-disable-related-posts":"","theme-transparent-header-meta":"","adv-header-id-meta":"","stick-header-meta":"","header-above-stick-meta":"","header-main-stick-meta":"","header-below-stick-meta":"","astra-migrate-meta-layouts":"default","ast-page-background-enabled":"default","ast-page-background-meta":{"desktop":{"background-color":"var(--ast-global-color-4)","background-image":"","background-repeat":"repeat","background-position":"center center","background-size":"auto","background-attachment":"scroll","background-type":"","background-media":"","overlay-type":"","overlay-color":"","overlay-opacity":"","overlay-gradient":""},"tablet":{"background-color":"","background-image":"","background-repeat":"repeat","background-position":"center center","background-size":"auto","background-attachment":"scroll","background-type":"","background-media":"","overlay-type":"","overlay-color":"","overlay-opacity":"","overlay-gradient":""},"mobile":{"background-color":"","background-image":"","background-repeat":"repeat","background-position":"center center","background-size":"auto","background-attachment":"scroll","background-type":"","background-media":"","overlay-type":"","overlay-color":"","overlay-opacity":"","overlay-gradient":""}},"ast-content-background-meta":{"desktop":{"background-color":"var(--ast-global-color-5)","background-image":"","background-repeat":"repeat","background-position":"center center","background-size":"auto","background-attachment":"scroll","background-type":"","background-media":"","overlay-type":"","overlay-color":"","overlay-opacity":"","overlay-gradient":""},"tablet":{"background-color":"var(--ast-global-color-5)","background-image":"","background-repeat":"repeat","background-position":"center center","background-size":"auto","background-attachment":"scroll","background-type":"","background-media":"","overlay-type":"","overlay-color":"","overlay-opacity":"","overlay-gradient":""},"mobile":{"background-color":"var(--ast-global-color-5)","background-image":"","background-repeat":"repeat","background-position":"center center","background-size":"auto","background-attachment":"scroll","background-type":"","background-media":"","overlay-type":"","overlay-color":"","overlay-opacity":"","overlay-gradient":""}},"_themeisle_gutenberg_block_has_review":false,"footnotes":""},"class_list":["post-2901","page","type-page","status-publish","hentry"],"featured_image_src":null,"tpgb_featured_images":null,"tpgb_post_meta_info":{"get_date":"ao\u00fbt 25, 2023","get_modified_date":"octobre 27, 2023","author_name":"Fr\u00e9d\u00e9ric Nguyen","author_url":"https:\/\/insights-37.com\/fr\/author\/nguyenf\/","author_email":"fnn@page-37.com","author_website":"https:\/\/insights-37.com","author_description":"","author_facebook":"","author_twitter":"","author_instagram":"","author_role":["administrator"],"author_firstname":"","author_lastname":"","user_login":"nguyenf","author_avatar":"<img alt='' src='https:\/\/secure.gravatar.com\/avatar\/b461c33fd6b228455ff700f300b8974f6f1a16af29d727a803be876d10fd5854?s=200&#038;d=mm&#038;r=g' srcset='https:\/\/secure.gravatar.com\/avatar\/b461c33fd6b228455ff700f300b8974f6f1a16af29d727a803be876d10fd5854?s=400&#038;d=mm&#038;r=g 2x' class='avatar avatar-200 photo' height='200' width='200' loading='lazy' decoding='async'\/>","author_avatar_url":"https:\/\/secure.gravatar.com\/avatar\/b461c33fd6b228455ff700f300b8974f6f1a16af29d727a803be876d10fd5854?s=96&d=mm&r=g","comment_count":0,"post_likes":0,"post_views":0},"tpgb_post_category":[],"uagb_featured_image_src":{"full":false,"thumbnail":false,"medium":false,"medium_large":false,"large":false,"1536x1536":false,"2048x2048":false,"trp-custom-language-flag":false,"tp-image-grid":false},"uagb_author_info":{"display_name":"Fr\u00e9d\u00e9ric Nguyen","author_link":"https:\/\/insights-37.com\/fr\/author\/nguyenf\/"},"uagb_comment_info":0,"uagb_excerpt":"Our Values The People Behind Insights-37","_links":{"self":[{"href":"https:\/\/insights-37.com\/fr\/wp-json\/wp\/v2\/pages\/2901","targetHints":{"allow":["GET"]}}],"collection":[{"href":"https:\/\/insights-37.com\/fr\/wp-json\/wp\/v2\/pages"}],"about":[{"href":"https:\/\/insights-37.com\/fr\/wp-json\/wp\/v2\/types\/page"}],"author":[{"embeddable":true,"href":"https:\/\/insights-37.com\/fr\/wp-json\/wp\/v2\/users\/1"}],"replies":[{"embeddable":true,"href":"https:\/\/insights-37.com\/fr\/wp-json\/wp\/v2\/comments?post=2901"}],"version-history":[{"count":35,"href":"https:\/\/insights-37.com\/fr\/wp-json\/wp\/v2\/pages\/2901\/revisions"}],"predecessor-version":[{"id":3479,"href":"https:\/\/insights-37.com\/fr\/wp-json\/wp\/v2\/pages\/2901\/revisions\/3479"}],"wp:attachment":[{"href":"https:\/\/insights-37.com\/fr\/wp-json\/wp\/v2\/media?parent=2901"}],"curies":[{"name":"wp","href":"https:\/\/api.w.org\/{rel}","templated":true}]}}