{"id":2950,"date":"2023-08-25T12:42:10","date_gmt":"2023-08-25T12:42:10","guid":{"rendered":"https:\/\/insights-37.com\/?page_id=2950"},"modified":"2023-10-31T12:12:13","modified_gmt":"2023-10-31T12:12:13","slug":"services","status":"publish","type":"page","link":"https:\/\/insights-37.com\/fr\/services\/","title":{"rendered":"Services"},"content":{"rendered":"<div class=\"wp-block-uagb-container uagb-block-9262b8bd alignfull uagb-is-root-container\"><div class=\"uagb-container-inner-blocks-wrap\">\n<div class=\"wp-block-uagb-advanced-heading uagb-block-5699bba9\"><h2 class=\"uagb-heading-text\">Les informations ne viennent pas d'elles-m\u00eames, mais \u00e0 travers un processus m\u00e9ticuleux d'identification de la valeur.<\/h2><p class=\"uagb-desc-text\">Exp\u00e9rimentez l'excellence. Nos services fournissent des solutions, de la valeur et de la croissance pour votre entreprise.<\/p><\/div>\n\n\n\n<div class=\"wp-block-uagb-advanced-heading uagb-block-56445df5\"><h2 class=\"uagb-heading-text\">Services SAAS<\/h2><\/div>\n\n\n\n<div class=\"wp-block-uagb-container uagb-block-c8201e51\">\n<div class=\"wp-block-uagb-container uagb-block-7f6bfd8d\">\n<div class=\"wp-block-uagb-info-box uagb-block-0f072a15 uagb-infobox__content-wrap  uagb-infobox-icon-above-title uagb-infobox-image-valign-top\"><div class=\"uagb-ifb-content\"><div class=\"uagb-ifb-icon-wrap\"><svg xmlns=\"https:\/\/www.w3.org\/2000\/svg\" viewbox=\"0 0 448 512\"><path d=\"M160 80C160 53.49 181.5 32 208 32H240C266.5 32 288 53.49 288 80V432C288 458.5 266.5 480 240 480H208C181.5 480 160 458.5 160 432V80zM0 272C0 245.5 21.49 224 48 224H80C106.5 224 128 245.5 128 272V432C128 458.5 106.5 480 80 480H48C21.49 480 0 458.5 0 432V272zM400 96C426.5 96 448 117.5 448 144V432C448 458.5 426.5 480 400 480H368C341.5 480 320 458.5 320 432V144C320 117.5 341.5 96 368 96H400z\"><\/path><\/svg><\/div><div class=\"uagb-ifb-title-wrap\"><h3 class=\"uagb-ifb-title\">Rapports analytiques<\/h3><\/div><p class=\"uagb-ifb-desc\">Optimisez vos choix gr\u00e2ce \u00e0 un acc\u00e8s facile aux rapports analytiques, fournissant des informations tarifaires cl\u00e9s pour des d\u00e9cisions \u00e9clair\u00e9es et optimales.<\/p><\/div><\/div>\n\n\n\n<div class=\"wp-block-uagb-info-box uagb-block-67865a83 uagb-infobox__content-wrap  uagb-infobox-icon-above-title uagb-infobox-image-valign-top\"><div class=\"uagb-ifb-content\"><div class=\"uagb-ifb-icon-wrap\"><svg xmlns=\"https:\/\/www.w3.org\/2000\/svg\" viewbox=\"0 0 640 512\"><path d=\"M184 88C184 118.9 158.9 144 128 144C97.07 144 72 118.9 72 88C72 57.07 97.07 32 128 32C158.9 32 184 57.07 184 88zM208.4 196.3C178.7 222.7 160 261.2 160 304C160 338.3 171.1 369.8 192 394.5V416C192 433.7 177.7 448 160 448H96C78.33 448 64 433.7 64 416V389.2C26.16 371.2 0 332.7 0 288C0 226.1 50.14 176 112 176H144C167.1 176 190.2 183.5 208.4 196.3V196.3zM64 245.7C54.04 256.9 48 271.8 48 288C48 304.2 54.04 319.1 64 330.3V245.7zM448 416V394.5C468 369.8 480 338.3 480 304C480 261.2 461.3 222.7 431.6 196.3C449.8 183.5 472 176 496 176H528C589.9 176 640 226.1 640 288C640 332.7 613.8 371.2 576 389.2V416C576 433.7 561.7 448 544 448H480C462.3 448 448 433.7 448 416zM576 330.3C585.1 319.1 592 304.2 592 288C592 271.8 585.1 256.9 576 245.7V330.3zM568 88C568 118.9 542.9 144 512 144C481.1 144 456 118.9 456 88C456 57.07 481.1 32 512 32C542.9 32 568 57.07 568 88zM256 96C256 60.65 284.7 32 320 32C355.3 32 384 60.65 384 96C384 131.3 355.3 160 320 160C284.7 160 256 131.3 256 96zM448 304C448 348.7 421.8 387.2 384 405.2V448C384 465.7 369.7 480 352 480H288C270.3 480 256 465.7 256 448V405.2C218.2 387.2 192 348.7 192 304C192 242.1 242.1 192 304 192H336C397.9 192 448 242.1 448 304zM256 346.3V261.7C246 272.9 240 287.8 240 304C240 320.2 246 335.1 256 346.3zM384 261.7V346.3C393.1 335 400 320.2 400 304C400 287.8 393.1 272.9 384 261.7z\"><\/path><\/svg><\/div><div class=\"uagb-ifb-title-wrap\"><h3 class=\"uagb-ifb-title\">Collaboration<\/h3><\/div><p class=\"uagb-ifb-desc\">Permettez un travail d'\u00e9quipe cibl\u00e9 : partagez des informations entre coll\u00e8gues gr\u00e2ce \u00e0 un acc\u00e8s utilisateur adapt\u00e9 \u00e0 notre analyse tarifaire.<\/p><\/div><\/div>\n<\/div>\n\n\n\n<div class=\"wp-block-uagb-container uagb-block-f084f725\">\n<div class=\"wp-block-uagb-info-box uagb-block-7234330b uagb-infobox__content-wrap  uagb-infobox-icon-above-title uagb-infobox-image-valign-top\"><div class=\"uagb-ifb-content\"><div class=\"uagb-ifb-icon-wrap\"><svg xmlns=\"https:\/\/www.w3.org\/2000\/svg\" viewbox=\"0 0 640 512\"><path d=\"M334.6 217.4l-30 27.49C264 282.1 217.8 256.8 202.9 240.6C176 211.2 178.1 165.7 207.3 138.9L289.1 64H282.5C224.7 64 169.1 86.95 128.2 127.8L32 128.1c-17.6 0-32 14.39-32 31.98v159.8c0 17.59 14.4 32.04 31.1 32.04l114.3-.0604l90.5 81.82c27.5 22.37 67.75 18.11 90-9.255l18.12 15.25c15.88 12.1 39.38 10.5 52.38-5.369l31.38-38.6l5.374 4.498c13.75 11 33.88 9.002 45-4.748l9.576-11.83c11.08-13.7 8.979-33.75-4.701-44.86L334.6 217.4zM608 128.1l-96-.1257c-40.98-40.96-96.56-63.88-154.5-63.88L348.9 64c-8 0-15.62 3.197-21.62 8.568L229 162.3C228.9 162.5 228.8 162.7 228.8 162.7C212 178.5 212.4 203.3 226.6 218.7c9.625 10.5 35 21.62 56.13 2.75c0-.125 .25-.125 .375-.25l80-73.1c6.5-5.871 16.62-5.496 22.62 1s5.5 16.62-1 22.62l-26.12 23.87l145.6 118.1c12.12 9.992 19.5 23.49 22.12 37.98L608 351.7c17.6 0 32-14.38 32-31.98V160.1C640 142.4 625.7 128.1 608 128.1z\"><\/path><\/svg><\/div><div class=\"uagb-ifb-title-wrap\"><h3 class=\"uagb-ifb-title\">Support<\/h3><\/div><p class=\"uagb-ifb-desc\">Embarquez dans votre voyage avec le soutien in\u00e9branlable de notre \u00e9quipe de consultants en analyse tarifaire. Nous sommes l\u00e0 pour vous.<\/p><\/div><\/div>\n\n\n\n<div class=\"wp-block-uagb-info-box uagb-block-13b6f2d5 uagb-infobox__content-wrap  uagb-infobox-icon-above-title uagb-infobox-image-valign-top\"><div class=\"uagb-ifb-content\"><div class=\"uagb-ifb-icon-wrap\"><svg xmlns=\"https:\/\/www.w3.org\/2000\/svg\" viewbox=\"0 0 448 512\"><path d=\"M448 80V128C448 172.2 347.7 208 224 208C100.3 208 0 172.2 0 128V80C0 35.82 100.3 0 224 0C347.7 0 448 35.82 448 80zM393.2 214.7C413.1 207.3 433.1 197.8 448 186.1V288C448 332.2 347.7 368 224 368C100.3 368 0 332.2 0 288V186.1C14.93 197.8 34.02 207.3 54.85 214.7C99.66 230.7 159.5 240 224 240C288.5 240 348.3 230.7 393.2 214.7V214.7zM54.85 374.7C99.66 390.7 159.5 400 224 400C288.5 400 348.3 390.7 393.2 374.7C413.1 367.3 433.1 357.8 448 346.1V432C448 476.2 347.7 512 224 512C100.3 512 0 476.2 0 432V346.1C14.93 357.8 34.02 367.3 54.85 374.7z\"><\/path><\/svg><\/div><div class=\"uagb-ifb-title-wrap\"><h3 class=\"uagb-ifb-title\">S\u00e9curit\u00e9 des donn\u00e9es<\/h3><\/div><p class=\"uagb-ifb-desc\">Nos services optimisent la tarification tout en respectant pleinement les normes SOX et GDPR, garantissant la s\u00e9curit\u00e9 et l'int\u00e9grit\u00e9 les plus \u00e9lev\u00e9es.<\/p><\/div><\/div>\n<\/div>\n<\/div>\n\n\n\n<div class=\"wp-block-uagb-advanced-heading uagb-block-c0bf75d7\"><h2 class=\"uagb-heading-text\">Services de consulting<\/h2><\/div>\n\n\n\n<div class=\"wp-block-uagb-container uagb-block-dd40116b\">\n<div class=\"wp-block-uagb-info-box uagb-block-e47f1b7d uagb-infobox__content-wrap  uagb-infobox-icon-above-title uagb-infobox-image-valign-top\"><div class=\"uagb-ifb-content\"><div class=\"uagb-ifb-icon-wrap\"><svg xmlns=\"https:\/\/www.w3.org\/2000\/svg\" viewbox=\"0 0 512 512\"><path d=\"M511.2 387l-23.25 100.8c-3.266 14.25-15.79 24.22-30.46 24.22C205.2 512 0 306.8 0 54.5c0-14.66 9.969-27.2 24.22-30.45l100.8-23.25C139.7-2.602 154.7 5.018 160.8 18.92l46.52 108.5c5.438 12.78 1.77 27.67-8.98 36.45L144.5 207.1c33.98 69.22 90.26 125.5 159.5 159.5l44.08-53.8c8.688-10.78 23.69-14.51 36.47-8.975l108.5 46.51C506.1 357.2 514.6 372.4 511.2 387z\"><\/path><\/svg><\/div><div class=\"uagb-ifb-title-wrap\"><h3 class=\"uagb-ifb-title\">Appels<\/h3><\/div><p class=\"uagb-ifb-desc\">Consultations personnalis\u00e9es en t\u00eate-\u00e0-t\u00eate pour r\u00e9pondre \u00e0 vos besoins et questions sp\u00e9cifiques.<\/p><\/div><\/div>\n\n\n\n<div class=\"wp-block-uagb-info-box uagb-block-82ffe645 uagb-infobox__content-wrap  uagb-infobox-icon-above-title uagb-infobox-image-valign-top\"><div class=\"uagb-ifb-content\"><div class=\"uagb-ifb-icon-wrap\"><svg xmlns=\"https:\/\/www.w3.org\/2000\/svg\" viewbox=\"0 0 384 512\"><path d=\"M112.1 454.3c0 6.297 1.816 12.44 5.284 17.69l17.14 25.69c5.25 7.875 17.17 14.28 26.64 14.28h61.67c9.438 0 21.36-6.401 26.61-14.28l17.08-25.68c2.938-4.438 5.348-12.37 5.348-17.7L272 415.1h-160L112.1 454.3zM191.4 .0132C89.44 .3257 16 82.97 16 175.1c0 44.38 16.44 84.84 43.56 115.8c16.53 18.84 42.34 58.23 52.22 91.45c.0313 .25 .0938 .5166 .125 .7823h160.2c.0313-.2656 .0938-.5166 .125-.7823c9.875-33.22 35.69-72.61 52.22-91.45C351.6 260.8 368 220.4 368 175.1C368 78.61 288.9-.2837 191.4 .0132zM192 96.01c-44.13 0-80 35.89-80 79.1C112 184.8 104.8 192 96 192S80 184.8 80 176c0-61.76 50.25-111.1 112-111.1c8.844 0 16 7.159 16 16S200.8 96.01 192 96.01z\"><\/path><\/svg><\/div><div class=\"uagb-ifb-title-wrap\"><h3 class=\"uagb-ifb-title\">Informations<\/h3><\/div><p class=\"uagb-ifb-desc\">Acqu\u00e9rez des perspectives pr\u00e9cieuses et des connaissances sectorielles gr\u00e2ce \u00e0 des aper\u00e7us g\u00e9n\u00e9r\u00e9s par des experts, adapt\u00e9s \u00e0 votre entreprise.<\/p><\/div><\/div>\n<\/div>\n\n\n\n<div class=\"wp-block-uagb-container uagb-block-abb5db56\">\n<div class=\"wp-block-uagb-info-box uagb-block-581dda7b uagb-infobox__content-wrap  uagb-infobox-icon-above-title uagb-infobox-image-valign-top\"><div class=\"uagb-ifb-content\"><div class=\"uagb-ifb-icon-wrap\"><svg xmlns=\"https:\/\/www.w3.org\/2000\/svg\" viewbox=\"0 0 512 512\"><path d=\"M511.6 36.86l-64 415.1c-1.5 9.734-7.375 18.22-15.97 23.05c-4.844 2.719-10.27 4.097-15.68 4.097c-4.188 0-8.319-.8154-12.29-2.472l-122.6-51.1l-50.86 76.29C226.3 508.5 219.8 512 212.8 512C201.3 512 192 502.7 192 491.2v-96.18c0-7.115 2.372-14.03 6.742-19.64L416 96l-293.7 264.3L19.69 317.5C8.438 312.8 .8125 302.2 .0625 289.1s5.469-23.72 16.06-29.77l448-255.1c10.69-6.109 23.88-5.547 34 1.406S513.5 24.72 511.6 36.86z\"><\/path><\/svg><\/div><div class=\"uagb-ifb-title-wrap\"><h3 class=\"uagb-ifb-title\">Solutions<\/h3><\/div><p class=\"uagb-ifb-desc\">Recevez des solutions sur mesure con\u00e7ues par nos professionnels chevronn\u00e9s pour r\u00e9pondre \u00e0 vos d\u00e9fis uniques.<\/p><\/div><\/div>\n\n\n\n<div class=\"wp-block-uagb-info-box uagb-block-996a8bdd uagb-infobox__content-wrap  uagb-infobox-icon-above-title uagb-infobox-image-valign-top\"><div class=\"uagb-ifb-content\"><div class=\"uagb-ifb-icon-wrap\"><svg xmlns=\"https:\/\/www.w3.org\/2000\/svg\" viewbox=\"0 0 640 512\"><path d=\"M334.6 217.4l-30 27.49C264 282.1 217.8 256.8 202.9 240.6C176 211.2 178.1 165.7 207.3 138.9L289.1 64H282.5C224.7 64 169.1 86.95 128.2 127.8L32 128.1c-17.6 0-32 14.39-32 31.98v159.8c0 17.59 14.4 32.04 31.1 32.04l114.3-.0604l90.5 81.82c27.5 22.37 67.75 18.11 90-9.255l18.12 15.25c15.88 12.1 39.38 10.5 52.38-5.369l31.38-38.6l5.374 4.498c13.75 11 33.88 9.002 45-4.748l9.576-11.83c11.08-13.7 8.979-33.75-4.701-44.86L334.6 217.4zM608 128.1l-96-.1257c-40.98-40.96-96.56-63.88-154.5-63.88L348.9 64c-8 0-15.62 3.197-21.62 8.568L229 162.3C228.9 162.5 228.8 162.7 228.8 162.7C212 178.5 212.4 203.3 226.6 218.7c9.625 10.5 35 21.62 56.13 2.75c0-.125 .25-.125 .375-.25l80-73.1c6.5-5.871 16.62-5.496 22.62 1s5.5 16.62-1 22.62l-26.12 23.87l145.6 118.1c12.12 9.992 19.5 23.49 22.12 37.98L608 351.7c17.6 0 32-14.38 32-31.98V160.1C640 142.4 625.7 128.1 608 128.1z\"><\/path><\/svg><\/div><div class=\"uagb-ifb-title-wrap\"><h3 class=\"uagb-ifb-title\">Projets de consulting<\/h3><\/div><p class=\"uagb-ifb-desc\">Engagez-vous dans des projets de consultation complets o\u00f9 nos experts collaborent avec vous pour mener des initiatives strat\u00e9giques et atteindre vos objectifs commerciaux.<\/p><\/div><\/div>\n<\/div>\n<\/div><\/div>\n\n\n\n<div class=\"wp-block-uagb-container uagb-block-6f38a1ae alignfull uagb-is-root-container\"><div class=\"uagb-container-inner-blocks-wrap\">\n<div class=\"wp-block-uagb-image uagb-block-c6fed977 wp-block-uagb-image--layout-default wp-block-uagb-image--effect-zoomin wp-block-uagb-image--align-none\"><figure class=\"wp-block-uagb-image__figure\"><img decoding=\"async\" srcset=\"https:\/\/insights-37.com\/wp-content\/uploads\/2023\/09\/wordcloud-2-1.svg \" sizes=\"auto, (max-width: 480px) 150px\" src=\"https:\/\/insights-37.com\/wp-content\/uploads\/2023\/09\/wordcloud-2-1.svg\" alt=\"\" class=\"uag-image-3228\" width=\"1024\" height=\"1024\" title=\"\" loading=\"lazy\"\/><\/figure><\/div>\n\n\n\n<div class=\"wp-block-uagb-info-box uagb-block-84df1639 uagb-infobox__content-wrap  uagb-infobox-icon-above-title uagb-infobox-image-valign-top\"><div class=\"uagb-ifb-content\"><div class=\"uagb-ifb-title-wrap\"><h2 class=\"uagb-ifb-title\">Plateforme de solutions commerciales compl\u00e8tes <\/h2><\/div><div class=\"uagb-ifb-separator\"><\/div><p class=\"uagb-ifb-desc\">Nous nous sp\u00e9cialisons dans la prise en charge d'une large gamme de services critiques qui peuvent transformer les performances, la rentabilit\u00e9 et les revenus de votre organisation. De la visualisation aux informations, des informations aux actions, nos experts sont d\u00e9di\u00e9s \u00e0 vous aider \u00e0 atteindre vos objectifs commerciaux.<\/p><\/div><\/div>\n<\/div><\/div>\n\n\n\n<div class=\"wp-block-uagb-container uagb-block-3ed9e4dc alignfull uagb-is-root-container\"><div class=\"uagb-container-inner-blocks-wrap\">\n<div class=\"wp-block-uagb-container uagb-block-d6f61648\">\n<div class=\"wp-block-uagb-info-box uagb-block-459fd588 uagb-infobox__content-wrap  uagb-infobox-icon-above-title uagb-infobox-image-valign-top\"><div class=\"uagb-ifb-content\"><div class=\"uagb-ifb-title-wrap\"><h2 class=\"uagb-ifb-title\">D\u00e9couvrez votre solution id\u00e9ale avec nos offres sur mesure<\/h2><\/div><div class=\"uagb-ifb-separator\"><\/div><p class=\"uagb-ifb-desc\">Lib\u00e9rez le potentiel de votre entreprise avec notre gamme polyvalente d'offres con\u00e7ues pour r\u00e9pondre \u00e0 vos besoins uniques. Que vous soyez en phase de d\u00e9marrage ou que vous recherchiez un accompagnement expert, nous avons l'offre id\u00e9ale pour vous.<\/p><\/div><\/div>\n\n\n\n<div class=\"wp-block-buttons is-vertical is-content-justification-center is-layout-flex wp-container-core-buttons-is-layout-9f5e29b6 wp-block-buttons-is-layout-flex\">\n<div class=\"wp-block-button has-custom-width wp-block-button__width-50 is-style-primary is-style-outline is-style-outline--1\"><a class=\"wp-block-button__link wp-element-button\" href=\"https:\/\/insights-37.com\/fr\/pricing\/\" rel=\"\">D\u00c9COUVREZ NOS OFFRES<\/a><\/div>\n<\/div>\n<\/div>\n\n\n\n<div class=\"wp-block-uagb-container uagb-block-a5a875f4\">\n<div class=\"wp-block-uagb-image uagb-block-92a6797c wp-block-uagb-image--layout-default wp-block-uagb-image--effect-zoomin wp-block-uagb-image--align-none\"><figure class=\"wp-block-uagb-image__figure\"><img decoding=\"async\" srcset=\"https:\/\/insights-37.com\/wp-content\/uploads\/2023\/08\/Cheerful-man-sharing-new-idea-with-friend-scaled.jpg \" sizes=\"auto, (max-width: 480px) 150px\" src=\"https:\/\/insights-37.com\/wp-content\/uploads\/2023\/08\/Cheerful-man-sharing-new-idea-with-friend-scaled.jpg\" alt=\"\" class=\"uag-image-2972\" width=\"2560\" height=\"2071\" title=\"\" loading=\"lazy\"\/><\/figure><\/div>\n<\/div>\n<\/div><\/div>","protected":false},"excerpt":{"rendered":"<p>&#8220;At the hands of fate a tool is the ultimate solution.&#8221; Insights don&#8217;t come by themselves, yet through a meticulous value identification process. Experience excellence. Our services deliver solutions, value, and growth for your business. SAAS Services Consulting Services<\/p>","protected":false},"author":1,"featured_media":0,"parent":0,"menu_order":0,"comment_status":"closed","ping_status":"closed","template":"","meta":{"tpgb_global_settings":"","_uag_custom_page_level_css":"","site-sidebar-layout":"default","site-content-layout":"","ast-site-content-layout":"default","site-content-style":"default","site-sidebar-style":"default","ast-global-header-display":"","ast-banner-title-visibility":"","ast-main-header-display":"","ast-hfb-above-header-display":"","ast-hfb-below-header-display":"","ast-hfb-mobile-header-display":"","site-post-title":"disabled","ast-breadcrumbs-content":"","ast-featured-img":"","footer-sml-layout":"","ast-disable-related-posts":"","theme-transparent-header-meta":"","adv-header-id-meta":"","stick-header-meta":"","header-above-stick-meta":"","header-main-stick-meta":"","header-below-stick-meta":"","astra-migrate-meta-layouts":"default","ast-page-background-enabled":"default","ast-page-background-meta":{"desktop":{"background-color":"var(--ast-global-color-4)","background-image":"","background-repeat":"repeat","background-position":"center center","background-size":"auto","background-attachment":"scroll","background-type":"","background-media":"","overlay-type":"","overlay-color":"","overlay-opacity":"","overlay-gradient":""},"tablet":{"background-color":"","background-image":"","background-repeat":"repeat","background-position":"center center","background-size":"auto","background-attachment":"scroll","background-type":"","background-media":"","overlay-type":"","overlay-color":"","overlay-opacity":"","overlay-gradient":""},"mobile":{"background-color":"","background-image":"","background-repeat":"repeat","background-position":"center center","background-size":"auto","background-attachment":"scroll","background-type":"","background-media":"","overlay-type":"","overlay-color":"","overlay-opacity":"","overlay-gradient":""}},"ast-content-background-meta":{"desktop":{"background-color":"var(--ast-global-color-5)","background-image":"","background-repeat":"repeat","background-position":"center center","background-size":"auto","background-attachment":"scroll","background-type":"","background-media":"","overlay-type":"","overlay-color":"","overlay-opacity":"","overlay-gradient":""},"tablet":{"background-color":"var(--ast-global-color-5)","background-image":"","background-repeat":"repeat","background-position":"center center","background-size":"auto","background-attachment":"scroll","background-type":"","background-media":"","overlay-type":"","overlay-color":"","overlay-opacity":"","overlay-gradient":""},"mobile":{"background-color":"var(--ast-global-color-5)","background-image":"","background-repeat":"repeat","background-position":"center center","background-size":"auto","background-attachment":"scroll","background-type":"","background-media":"","overlay-type":"","overlay-color":"","overlay-opacity":"","overlay-gradient":""}},"_themeisle_gutenberg_block_has_review":false,"footnotes":""},"class_list":["post-2950","page","type-page","status-publish","hentry"],"featured_image_src":null,"tpgb_featured_images":null,"tpgb_post_meta_info":{"get_date":"ao\u00fbt 25, 2023","get_modified_date":"octobre 31, 2023","author_name":"Fr\u00e9d\u00e9ric Nguyen","author_url":"https:\/\/insights-37.com\/fr\/author\/nguyenf\/","author_email":"fnn@page-37.com","author_website":"https:\/\/insights-37.com","author_description":"","author_facebook":"","author_twitter":"","author_instagram":"","author_role":["administrator"],"author_firstname":"","author_lastname":"","user_login":"nguyenf","author_avatar":"<img alt='' src='https:\/\/secure.gravatar.com\/avatar\/b461c33fd6b228455ff700f300b8974f6f1a16af29d727a803be876d10fd5854?s=200&#038;d=mm&#038;r=g' srcset='https:\/\/secure.gravatar.com\/avatar\/b461c33fd6b228455ff700f300b8974f6f1a16af29d727a803be876d10fd5854?s=400&#038;d=mm&#038;r=g 2x' class='avatar avatar-200 photo' height='200' width='200' loading='lazy' decoding='async'\/>","author_avatar_url":"https:\/\/secure.gravatar.com\/avatar\/b461c33fd6b228455ff700f300b8974f6f1a16af29d727a803be876d10fd5854?s=96&d=mm&r=g","comment_count":0,"post_likes":0,"post_views":0},"tpgb_post_category":[],"uagb_featured_image_src":{"full":false,"thumbnail":false,"medium":false,"medium_large":false,"large":false,"1536x1536":false,"2048x2048":false,"trp-custom-language-flag":false,"tp-image-grid":false},"uagb_author_info":{"display_name":"Fr\u00e9d\u00e9ric Nguyen","author_link":"https:\/\/insights-37.com\/fr\/author\/nguyenf\/"},"uagb_comment_info":0,"uagb_excerpt":"&#8220;At the hands of fate a tool is the ultimate solution.&#8221; Insights don&#8217;t come by themselves, yet through a meticulous value identification process. Experience excellence. Our services deliver solutions, value, and growth for your business. SAAS Services Consulting Services","_links":{"self":[{"href":"https:\/\/insights-37.com\/fr\/wp-json\/wp\/v2\/pages\/2950","targetHints":{"allow":["GET"]}}],"collection":[{"href":"https:\/\/insights-37.com\/fr\/wp-json\/wp\/v2\/pages"}],"about":[{"href":"https:\/\/insights-37.com\/fr\/wp-json\/wp\/v2\/types\/page"}],"author":[{"embeddable":true,"href":"https:\/\/insights-37.com\/fr\/wp-json\/wp\/v2\/users\/1"}],"replies":[{"embeddable":true,"href":"https:\/\/insights-37.com\/fr\/wp-json\/wp\/v2\/comments?post=2950"}],"version-history":[{"count":45,"href":"https:\/\/insights-37.com\/fr\/wp-json\/wp\/v2\/pages\/2950\/revisions"}],"predecessor-version":[{"id":3615,"href":"https:\/\/insights-37.com\/fr\/wp-json\/wp\/v2\/pages\/2950\/revisions\/3615"}],"wp:attachment":[{"href":"https:\/\/insights-37.com\/fr\/wp-json\/wp\/v2\/media?parent=2950"}],"curies":[{"name":"wp","href":"https:\/\/api.w.org\/{rel}","templated":true}]}}