{"id":3150,"date":"2023-09-07T13:31:10","date_gmt":"2023-09-07T13:31:10","guid":{"rendered":"https:\/\/insights-37.com\/?page_id=3150"},"modified":"2023-10-31T10:46:32","modified_gmt":"2023-10-31T10:46:32","slug":"pricing","status":"publish","type":"page","link":"https:\/\/insights-37.com\/fr\/pricing\/","title":{"rendered":"Pricing"},"content":{"rendered":"<div class=\"wp-block-uagb-container uagb-block-166a5b0e alignfull uagb-is-root-container\"><div class=\"uagb-container-inner-blocks-wrap\">\n<div class=\"wp-block-uagb-advanced-heading uagb-block-b7563582\"><h2 class=\"uagb-heading-text\">Choisissez parmi trois formules sp\u00e9cialement con\u00e7ues pour r\u00e9pondre \u00e0 vos besoins<\/h2><\/div>\n\n\n\n<section id=\"wp-block-themeisle-blocks-advanced-columns-e0e1ab2e\" class=\"wp-block-themeisle-blocks-advanced-columns alignfull has-3-columns has-desktop-equal-layout has-tablet-equal-layout has-mobile-collapsedRows-layout has-vertical-flex-start ticss-447608a3\"><div class=\"wp-block-themeisle-blocks-advanced-columns-overlay\"><\/div><div class=\"innerblocks-wrap\">\n<div id=\"wp-block-themeisle-blocks-advanced-column-2489d76c\" class=\"wp-block-themeisle-blocks-advanced-column\">\n<h3 id=\"wp-block-themeisle-blocks-advanced-heading-e30ccf77\" class=\"wp-block-themeisle-blocks-advanced-heading wp-block-themeisle-blocks-advanced-heading-e30ccf77\">Professionnel<\/h3>\n\n\n\n<span id=\"wp-block-themeisle-blocks-advanced-heading-01f7ed6b\" class=\"wp-block-themeisle-blocks-advanced-heading wp-block-themeisle-blocks-advanced-heading-01f7ed6b\"><strong><strong>\u20ac66<\/strong><\/strong><\/span>\n\n\n\n<p class=\"has-text-align-center\">\/mois\/utilisateur<\/p>\n\n\n\n<p id=\"wp-block-themeisle-blocks-advanced-heading-fe18de7e\" class=\"wp-block-themeisle-blocks-advanced-heading wp-block-themeisle-blocks-advanced-heading-fe18de7e translation-block\"><em><strong><em><strong>D\u00e9bloquez les d\u00e9cisions bas\u00e9es sur les donn\u00e9es<\/strong>: <\/em><\/strong><\/em>Obtenez l'acc\u00e8s \u00e0 <em><em>des analyses puissantes<\/em><\/em><\/p>\n\n\n\n<div class=\"wp-block-buttons is-vertical is-content-justification-center is-layout-flex wp-container-core-buttons-is-layout-9f5e29b6 wp-block-buttons-is-layout-flex\">\n<div class=\"wp-block-button has-custom-width wp-block-button__width-100 is-style-primary is-style-outline is-style-outline--1\"><a class=\"wp-block-button__link wp-element-button\" href=\"https:\/\/calendly.com\/fnn-coc\/demo-call\" target=\"_blank\" rel=\"noreferrer noopener\">Commencer<\/a><\/div>\n<\/div>\n\n\n\n<hr class=\"wp-block-separator has-text-color has-ast-global-color-1-color has-alpha-channel-opacity has-ast-global-color-1-background-color has-background is-style-default\"\/>\n\n\n\n<div id=\"wp-block-themeisle-blocks-icon-list-fb8b7e9c\" class=\"wp-block-themeisle-blocks-icon-list\">\n<div id=\"wp-block-themeisle-blocks-icon-list-item-78a49dfc\" class=\"wp-block-themeisle-blocks-icon-list-item\"><i class=\"fas fa-check wp-block-themeisle-blocks-icon-list-item-icon-custom\"><\/i><p class=\"wp-block-themeisle-blocks-icon-list-item-content\">Acc\u00e8s \u00e0 5 puissantes analyses de tarification<\/p><\/div>\n\n\n\n<div id=\"wp-block-themeisle-blocks-icon-list-item-97f59b87\" class=\"wp-block-themeisle-blocks-icon-list-item\"><i class=\"fas fa-check wp-block-themeisle-blocks-icon-list-item-icon\"><\/i><p class=\"wp-block-themeisle-blocks-icon-list-item-content\">Rapports trimestriels personnalis\u00e9s<\/p><\/div>\n\n\n\n<div id=\"wp-block-themeisle-blocks-icon-list-item-f341b063\" class=\"wp-block-themeisle-blocks-icon-list-item\"><i class=\"fas fa-check wp-block-themeisle-blocks-icon-list-item-icon-custom\"><\/i><p class=\"wp-block-themeisle-blocks-icon-list-item-content\">Appel de feedback d'une heure avec votre expert en tarification d\u00e9di\u00e9 <\/p><\/div>\n\n\n\n<div id=\"wp-block-themeisle-blocks-icon-list-item-8216d9b3\" class=\"wp-block-themeisle-blocks-icon-list-item\"><i class=\"fas fa-check wp-block-themeisle-blocks-icon-list-item-icon-custom\"><\/i><p class=\"wp-block-themeisle-blocks-icon-list-item-content\">Acc\u00e8s \u00e0 jusqu'\u00e0 3 ans de donn\u00e9es historiques<\/p><\/div>\n\n\n\n<div id=\"wp-block-themeisle-blocks-icon-list-item-75a77dc9\" class=\"wp-block-themeisle-blocks-icon-list-item\"><i class=\"fas fa-check wp-block-themeisle-blocks-icon-list-item-icon-custom\"><\/i><p class=\"wp-block-themeisle-blocks-icon-list-item-content\">Collaborez avec jusqu'\u00e0 15 utilisateurs<\/p><\/div>\n\n\n\n<div id=\"wp-block-themeisle-blocks-icon-list-item-7ed87b78\" class=\"wp-block-themeisle-blocks-icon-list-item\"><i class=\"fas fa-check wp-block-themeisle-blocks-icon-list-item-icon-custom\"><\/i><p class=\"wp-block-themeisle-blocks-icon-list-item-content\">Apprenez gr\u00e2ce \u00e0 des tutoriels en ligne<\/p><\/div>\n\n\n\n<div id=\"wp-block-themeisle-blocks-icon-list-item-beeb608a\" class=\"wp-block-themeisle-blocks-icon-list-item\"><i class=\"fas fa-check wp-block-themeisle-blocks-icon-list-item-icon-custom\"><\/i><p class=\"wp-block-themeisle-blocks-icon-list-item-content\">Assistance technique<\/p><\/div>\n<\/div>\n<\/div>\n\n\n\n<div id=\"wp-block-themeisle-blocks-advanced-column-92cc1b45\" class=\"wp-block-themeisle-blocks-advanced-column\">\n<h3 id=\"wp-block-themeisle-blocks-advanced-heading-9da57f53\" class=\"wp-block-themeisle-blocks-advanced-heading wp-block-themeisle-blocks-advanced-heading-9da57f53\">Avanc\u00e9<\/h3>\n\n\n\n<span id=\"wp-block-themeisle-blocks-advanced-heading-1cdbbbe0\" class=\"wp-block-themeisle-blocks-advanced-heading wp-block-themeisle-blocks-advanced-heading-1cdbbbe0\"><strong><strong><strong><strong>\u20ac130<\/strong><\/strong><\/strong><\/strong><\/span>\n\n\n\n<p class=\"has-text-align-center\">\/mois\/utilisateur<\/p>\n\n\n\n<p id=\"wp-block-themeisle-blocks-advanced-heading-77d799ee\" class=\"wp-block-themeisle-blocks-advanced-heading wp-block-themeisle-blocks-advanced-heading-77d799ee translation-block\"><em><em><em><em><strong>Au-del\u00e0 des chiffres<\/strong>: Obtenez des informations exploitables pour la tarification strat\u00e9gique<\/em><\/em><\/em><\/em><\/p>\n\n\n\n<div class=\"wp-block-buttons is-vertical is-content-justification-center is-layout-flex wp-container-core-buttons-is-layout-9f5e29b6 wp-block-buttons-is-layout-flex\">\n<div class=\"wp-block-button has-custom-width wp-block-button__width-100 is-style-primary is-style-outline is-style-outline--2\"><a class=\"wp-block-button__link wp-element-button\" href=\"https:\/\/calendly.com\/fnn-coc\/demo-call\" target=\"_blank\" rel=\"noreferrer noopener\">Commencer<\/a><\/div>\n<\/div>\n\n\n\n<hr class=\"wp-block-separator has-text-color has-ast-global-color-1-color has-alpha-channel-opacity has-ast-global-color-1-background-color has-background is-style-default\"\/>\n\n\n\n<div id=\"wp-block-themeisle-blocks-icon-list-c3cb7d69\" class=\"wp-block-themeisle-blocks-icon-list\">\n<div id=\"wp-block-themeisle-blocks-icon-list-item-58452a3a\" class=\"wp-block-themeisle-blocks-icon-list-item\"><i class=\"fas fa-star wp-block-themeisle-blocks-icon-list-item-icon-custom\"><\/i><p class=\"wp-block-themeisle-blocks-icon-list-item-content\"><strong>Tous les avantages du pack Professionnel, plus :<\/strong><\/p><\/div>\n\n\n\n<div id=\"wp-block-themeisle-blocks-icon-list-item-dcbcc9c0\" class=\"wp-block-themeisle-blocks-icon-list-item\"><i class=\"fas fa-check wp-block-themeisle-blocks-icon-list-item-icon-custom\"><\/i><p class=\"wp-block-themeisle-blocks-icon-list-item-content\">Obtenez des informations pr\u00e9cieuses sur les tarifs de la part de votre expert d\u00e9di\u00e9<\/p><\/div>\n\n\n\n<div id=\"wp-block-themeisle-blocks-icon-list-item-fdca0042\" class=\"wp-block-themeisle-blocks-icon-list-item\"><i class=\"fas fa-check wp-block-themeisle-blocks-icon-list-item-icon-custom\"><\/i><p class=\"wp-block-themeisle-blocks-icon-list-item-content\">Informations transactionnelles au niveau des lignes de facturation<\/p><\/div>\n\n\n\n<div id=\"wp-block-themeisle-blocks-icon-list-item-292ec054\" class=\"wp-block-themeisle-blocks-icon-list-item\"><i class=\"fas fa-check wp-block-themeisle-blocks-icon-list-item-icon-custom\"><\/i><p class=\"wp-block-themeisle-blocks-icon-list-item-content\">Contr\u00f4le avec un acc\u00e8s bas\u00e9 sur les r\u00f4les<\/p><\/div>\n\n\n\n<div id=\"wp-block-themeisle-blocks-icon-list-item-56eecf65\" class=\"wp-block-themeisle-blocks-icon-list-item\"><i class=\"fas fa-check wp-block-themeisle-blocks-icon-list-item-icon-custom\"><\/i><p class=\"wp-block-themeisle-blocks-icon-list-item-content\">Affinez les analyses avec des filtres en libre-service<\/p><\/div>\n\n\n\n<div id=\"wp-block-themeisle-blocks-icon-list-item-5047a63d\" class=\"wp-block-themeisle-blocks-icon-list-item\"><i class=\"fas fa-check wp-block-themeisle-blocks-icon-list-item-icon-custom\"><\/i><p class=\"wp-block-themeisle-blocks-icon-list-item-content\">Rapport de peau personnalis\u00e9 avec votre marque<\/p><\/div>\n<\/div>\n<\/div>\n\n\n\n<div id=\"wp-block-themeisle-blocks-advanced-column-9a070f15\" class=\"wp-block-themeisle-blocks-advanced-column\">\n<h3 id=\"wp-block-themeisle-blocks-advanced-heading-e3825136\" class=\"wp-block-themeisle-blocks-advanced-heading wp-block-themeisle-blocks-advanced-heading-e3825136\">Expert<\/h3>\n\n\n\n<span id=\"wp-block-themeisle-blocks-advanced-heading-bc1ed53b\" class=\"wp-block-themeisle-blocks-advanced-heading wp-block-themeisle-blocks-advanced-heading-bc1ed53b\"><strong>Sur-mesure<\/strong><\/span>\n\n\n\n<p class=\"has-text-align-center\">Contactez-nous<\/p>\n\n\n\n<p id=\"wp-block-themeisle-blocks-advanced-heading-1ddcc150\" class=\"wp-block-themeisle-blocks-advanced-heading wp-block-themeisle-blocks-advanced-heading-1ddcc150 translation-block\"><em><em><strong>Succ\u00e8s guid\u00e9<\/strong>: Ma\u00eetrisez la tarification avec des conseils personnalis\u00e9s<\/em><\/em><\/p>\n\n\n\n<div class=\"wp-block-buttons is-vertical is-content-justification-center is-layout-flex wp-container-core-buttons-is-layout-9f5e29b6 wp-block-buttons-is-layout-flex\">\n<div class=\"wp-block-button has-custom-width wp-block-button__width-100 is-style-primary is-style-outline is-style-outline--3\"><a class=\"wp-block-button__link wp-element-button\" href=\"https:\/\/calendly.com\/fnn-coc\/demo-call\" target=\"_blank\" rel=\"noreferrer noopener\">Commencer<\/a><\/div>\n<\/div>\n\n\n\n<hr class=\"wp-block-separator has-text-color has-ast-global-color-1-color has-alpha-channel-opacity has-ast-global-color-1-background-color has-background is-style-default\"\/>\n\n\n\n<div id=\"wp-block-themeisle-blocks-icon-list-6ba769a7\" class=\"wp-block-themeisle-blocks-icon-list\">\n<div id=\"wp-block-themeisle-blocks-icon-list-item-1fd45774\" class=\"wp-block-themeisle-blocks-icon-list-item\"><i class=\"fas fa-star wp-block-themeisle-blocks-icon-list-item-icon-custom\"><\/i><p class=\"wp-block-themeisle-blocks-icon-list-item-content\"><strong>Tous les avantages du pack Avanc\u00e9, plus :<\/strong><\/p><\/div>\n\n\n\n<div id=\"wp-block-themeisle-blocks-icon-list-item-340f81ae\" class=\"wp-block-themeisle-blocks-icon-list-item\"><i class=\"fas fa-check wp-block-themeisle-blocks-icon-list-item-icon-custom\"><\/i><p class=\"wp-block-themeisle-blocks-icon-list-item-content\">Votre expert d\u00e9di\u00e9 vous consulte sur des solutions proactives avec un plan d'action<\/p><\/div>\n\n\n\n<div id=\"wp-block-themeisle-blocks-icon-list-item-a3034c2a\" class=\"wp-block-themeisle-blocks-icon-list-item\"><i class=\"fas fa-check wp-block-themeisle-blocks-icon-list-item-icon-custom\"><\/i><p class=\"wp-block-themeisle-blocks-icon-list-item-content\">D\u00e9veloppement d'analyses sur mesure<\/p><\/div>\n<\/div>\n<\/div>\n<\/div><\/section>\n<\/div><\/div>\n\n\n\n<div><table id=\"nichetablewpwp-3bc6edee-543c-4a6e-a175-f2fae991e023\" class=\"niche_table ms_enable  text_center alignmiddel\" width=\"100%\">\n<tr class=\"thead th-text-white\" style=\"background-color:#51b5ab!important;color:#ffffff\">\n<th><strong>Caract\u00e9ristiques<\/strong><\/th>\n\n\n\n<th>Professionnel<\/th>\n\n\n\n<th><strong>Avanc\u00e9<\/strong><\/th>\n\n\n\n<th><strong>Expert<\/strong><\/th>\n<\/tr>\n\n\n\n<tr>\n<td class=\"translation-block\"><strong>Prix<\/strong> <em>\u00e0 partir de<\/em><\/td>\n\n\n\n<td style=\"text-align:center\"><strong>\u20ac66\/mois\/utilisateur<\/strong><\/td>\n\n\n\n<td><strong>\u20ac130\/mois\/utilisateur<\/strong><\/td>\n\n\n\n<td><a class=\"table-button typethree\" href=\"https:\/\/calendly.com\/fnn-coc\/demo-call\" title=\"Contactez-nous\" target=\"_blank\" rel=\"noopener\">Contactez-nous<\/a><\/td>\n<\/tr>\n\n\n\n<tr>\n<td>&nbsp;<\/td>\n\n\n\n<td>&nbsp;<\/td>\n\n\n\n<td>&nbsp;<\/td>\n\n\n\n<td>&nbsp;<\/td>\n<\/tr>\n\n\n\n<tr>\n<td><strong>Analyse de tarification puissante<\/strong><\/td>\n\n\n\n<td>&nbsp;<\/td>\n\n\n\n<td>&nbsp;<\/td>\n\n\n\n<td>&nbsp;<\/td>\n<\/tr>\n\n\n\n<tr>\n<td style=\"text-align:right\">Profit &amp; Loss<\/td>\n\n\n\n<td>\u2713<\/td>\n\n\n\n<td>\u2713<\/td>\n\n\n\n<td>\u2713<\/td>\n<\/tr>\n\n\n\n<tr>\n<td style=\"text-align:right\">Negative Margin<\/td>\n\n\n\n<td>\u2713<\/td>\n\n\n\n<td>\u2713<\/td>\n\n\n\n<td>\u2713<\/td>\n<\/tr>\n\n\n\n<tr>\n<td style=\"text-align:right\">Price Band<\/td>\n\n\n\n<td>\u2713<\/td>\n\n\n\n<td>\u2713<\/td>\n\n\n\n<td>\u2713<\/td>\n<\/tr>\n\n\n\n<tr>\n<td style=\"text-align:right\">Profitability Analysis<\/td>\n\n\n\n<td>\u2713<\/td>\n\n\n\n<td>\u2713<\/td>\n\n\n\n<td>\u2713<\/td>\n<\/tr>\n\n\n\n<tr>\n<td style=\"text-align:right\">Pareto Model<\/td>\n\n\n\n<td>\u2713<\/td>\n\n\n\n<td>\u2713<\/td>\n\n\n\n<td>\u2713<\/td>\n<\/tr>\n\n\n\n<tr>\n<td style=\"text-align:right\">Pricing Waterfall<\/td>\n\n\n\n<td>&nbsp;<\/td>\n\n\n\n<td>\u2713<\/td>\n\n\n\n<td>\u2713<\/td>\n<\/tr>\n\n\n\n<tr>\n<td style=\"text-align:right\">Revenue\/Margin Bridge<\/td>\n\n\n\n<td>&nbsp;<\/td>\n\n\n\n<td>\u2713<\/td>\n\n\n\n<td>\u2713<\/td>\n<\/tr>\n\n\n\n<tr>\n<td style=\"text-align:right\">Year-on-Year Analysis<\/td>\n\n\n\n<td>&nbsp;<\/td>\n\n\n\n<td>\u2713<\/td>\n\n\n\n<td>\u2713<\/td>\n<\/tr>\n\n\n\n<tr>\n<td style=\"text-align:right\">Target Setting<\/td>\n\n\n\n<td>&nbsp;<\/td>\n\n\n\n<td>&nbsp;<\/td>\n\n\n\n<td>\u2713<\/td>\n<\/tr>\n\n\n\n<tr>\n<td>&nbsp;<\/td>\n\n\n\n<td>&nbsp;<\/td>\n\n\n\n<td>&nbsp;<\/td>\n\n\n\n<td>&nbsp;<\/td>\n<\/tr>\n\n\n\n<tr>\n<td><strong>Services de consulting<\/strong><\/td>\n\n\n\n<td>&nbsp;<\/td>\n\n\n\n<td>&nbsp;<\/td>\n\n\n\n<td>&nbsp;<\/td>\n<\/tr>\n\n\n\n<tr>\n<td style=\"text-align:right\">Appel de consulting<\/td>\n\n\n\n<td>1 heure par trimestre<\/td>\n\n\n\n<td>1 heure par mois<\/td>\n\n\n\n<td>Sur mesure<\/td>\n<\/tr>\n\n\n\n<tr>\n<td style=\"text-align:right\">Informations avec nos experts<\/td>\n\n\n\n<td>\u2713<\/td>\n\n\n\n<td>\u2713<\/td>\n\n\n\n<td>\u2713<\/td>\n<\/tr>\n\n\n\n<tr>\n<td style=\"text-align:right\">Didacticiel<\/td>\n\n\n\n<td>Online<\/td>\n\n\n\n<td>Groupe en direct<\/td>\n\n\n\n<td>Direct exclusif<\/td>\n<\/tr>\n\n\n\n<tr>\n<td style=\"text-align:right\">D\u00e9veloppement d'analyses sur mesure<\/td>\n\n\n\n<td>&nbsp;<\/td>\n\n\n\n<td> <\/td>\n\n\n\n<td>Illimit\u00e9 - sur mesure<\/td>\n<\/tr>\n\n\n\n<tr>\n<td style=\"text-align:right\">Plan d'action comprenant des solutions tarifaires<\/td>\n\n\n\n<td>&nbsp;<\/td>\n\n\n\n<td>&nbsp;<\/td>\n\n\n\n<td>\u2713<\/td>\n<\/tr>\n\n\n\n<tr>\n<td style=\"text-align:right\">&nbsp;Projets de consulting<\/td>\n\n\n\n<td>&nbsp;<\/td>\n\n\n\n<td>&nbsp;<\/td>\n\n\n\n<td>Sur mesure<\/td>\n<\/tr>\n\n\n\n<tr>\n<td>&nbsp;<\/td>\n\n\n\n<td>&nbsp;<\/td>\n\n\n\n<td>&nbsp;<\/td>\n\n\n\n<td>&nbsp;<\/td>\n<\/tr>\n\n\n\n<tr>\n<td><strong>Technique<\/strong><\/td>\n\n\n\n<td>&nbsp;<\/td>\n\n\n\n<td>&nbsp;<\/td>\n\n\n\n<td>&nbsp;<\/td>\n<\/tr>\n\n\n\n<tr>\n<td style=\"text-align:right\">Fr\u00e9quence de rafra\u00eechissement des donn\u00e9es&nbsp;<\/td>\n\n\n\n<td>Trimestriel&nbsp;<\/td>\n\n\n\n<td>Mensuel&nbsp;<\/td>\n\n\n\n<td>Journalier&nbsp;<\/td>\n<\/tr>\n\n\n\n<tr>\n<td style=\"text-align:right\">&nbsp;Ann\u00e9es de donn\u00e9es historiques<\/td>\n\n\n\n<td>3<\/td>\n\n\n\n<td>&nbsp;3<\/td>\n\n\n\n<td>&nbsp;5<\/td>\n<\/tr>\n\n\n\n<tr>\n<td style=\"text-align:right\">Nombre d'utilisateurs<\/td>\n\n\n\n<td>15&nbsp;<\/td>\n\n\n\n<td>20<\/td>\n\n\n\n<td>25+<\/td>\n<\/tr>\n\n\n\n<tr>\n<td style=\"text-align:right\">Support<\/td>\n\n\n\n<td>72 heures SLA<\/td>\n\n\n\n<td>48 heures SLA<\/td>\n\n\n\n<td>24 heures SLA<\/td>\n<\/tr>\n\n\n\n<tr>\n<td style=\"text-align:right\">Niveau de d\u00e9tail des donn\u00e9es<\/td>\n\n\n\n<td>Agr\u00e9g\u00e9<\/td>\n\n\n\n<td>Transactionnel<\/td>\n\n\n\n<td>Transactionnel<\/td>\n<\/tr>\n\n\n\n<tr>\n<td style=\"text-align:right\">Filtrage en libre-service<\/td>\n\n\n\n<td>&nbsp;<\/td>\n\n\n\n<td>\u2713<\/td>\n\n\n\n<td>\u2713<\/td>\n<\/tr>\n\n\n\n<tr>\n<td style=\"text-align:right\">Acc\u00e8s bas\u00e9 sur les r\u00f4les<\/td>\n\n\n\n<td>&nbsp;<\/td>\n\n\n\n<td>\u2713<\/td>\n\n\n\n<td>\u2713<\/td>\n<\/tr>\n\n\n\n<tr>\n<td style=\"text-align:right\">Rapport de peau personnalis\u00e9 avec votre marque<\/td>\n\n\n\n<td>&nbsp;<\/td>\n\n\n\n<td>\u2713<\/td>\n\n\n\n<td>\u2713<\/td>\n<\/tr>\n<\/table><style> @media only screen and (max-width: 768px){ #nichetablewpwp-3bc6edee-543c-4a6e-a175-f2fae991e023 td:nth-of-type(1):before{ content: 'Features'; } #nichetablewpwp-3bc6edee-543c-4a6e-a175-f2fae991e023 td:nth-of-type(2):before{ content: 'Starter'; } #nichetablewpwp-3bc6edee-543c-4a6e-a175-f2fae991e023 td:nth-of-type(3):before{ content: 'Advanced'; } #nichetablewpwp-3bc6edee-543c-4a6e-a175-f2fae991e023 td:nth-of-type(4):before{ content: 'Expert'; } #nichetablewpwp-3bc6edee-543c-4a6e-a175-f2fae991e023 td:nth-of-type(5):before{ content: ''; } #nichetablewpwp-3bc6edee-543c-4a6e-a175-f2fae991e023 td:nth-of-type(6):before{ content: ''; } #nichetablewpwp-3bc6edee-543c-4a6e-a175-f2fae991e023 td:nth-of-type(7):before{ content: ''; } #nichetablewpwp-3bc6edee-543c-4a6e-a175-f2fae991e023 td:nth-of-type(8):before{ content: ''; } #nichetablewpwp-3bc6edee-543c-4a6e-a175-f2fae991e023 td:nth-of-type(9):before{ content: ''; } #nichetablewpwp-3bc6edee-543c-4a6e-a175-f2fae991e023 td:nth-of-type(9):before{ content: ''; } #nichetablewpwp-3bc6edee-543c-4a6e-a175-f2fae991e023 td:nth-of-type(9):before{ content: ''; } #nichetablewpwp-3bc6edee-543c-4a6e-a175-f2fae991e023 td:nth-of-type(9):before{ content: ''; } } @media only screen and (min-width: 768px){ .niche_table, .niche_table th, .niche_table td, .niche_table tr{ border-color: #f1f1f1 !important; } .niche_table tr:nth-child(odd){background-color:#e6f5f8 !important;} } <\/style><\/div>","protected":false},"excerpt":{"rendered":"<p>Choisissez parmi trois formules sp\u00e9cialement con\u00e7ues pour r\u00e9pondre \u00e0 vos besoins<\/p>","protected":false},"author":1,"featured_media":0,"parent":0,"menu_order":0,"comment_status":"closed","ping_status":"closed","template":"","meta":{"tpgb_global_settings":"","_uag_custom_page_level_css":"","site-sidebar-layout":"default","site-content-layout":"","ast-site-content-layout":"default","site-content-style":"default","site-sidebar-style":"default","ast-global-header-display":"","ast-banner-title-visibility":"","ast-main-header-display":"","ast-hfb-above-header-display":"","ast-hfb-below-header-display":"","ast-hfb-mobile-header-display":"","site-post-title":"disabled","ast-breadcrumbs-content":"","ast-featured-img":"","footer-sml-layout":"","ast-disable-related-posts":"","theme-transparent-header-meta":"","adv-header-id-meta":"","stick-header-meta":"","header-above-stick-meta":"","header-main-stick-meta":"","header-below-stick-meta":"","astra-migrate-meta-layouts":"default","ast-page-background-enabled":"default","ast-page-background-meta":{"desktop":{"background-color":"var(--ast-global-color-4)","background-image":"","background-repeat":"repeat","background-position":"center center","background-size":"auto","background-attachment":"scroll","background-type":"","background-media":"","overlay-type":"","overlay-color":"","overlay-opacity":"","overlay-gradient":""},"tablet":{"background-color":"","background-image":"","background-repeat":"repeat","background-position":"center center","background-size":"auto","background-attachment":"scroll","background-type":"","background-media":"","overlay-type":"","overlay-color":"","overlay-opacity":"","overlay-gradient":""},"mobile":{"background-color":"","background-image":"","background-repeat":"repeat","background-position":"center center","background-size":"auto","background-attachment":"scroll","background-type":"","background-media":"","overlay-type":"","overlay-color":"","overlay-opacity":"","overlay-gradient":""}},"ast-content-background-meta":{"desktop":{"background-color":"var(--ast-global-color-5)","background-image":"","background-repeat":"repeat","background-position":"center center","background-size":"auto","background-attachment":"scroll","background-type":"","background-media":"","overlay-type":"","overlay-color":"","overlay-opacity":"","overlay-gradient":""},"tablet":{"background-color":"var(--ast-global-color-5)","background-image":"","background-repeat":"repeat","background-position":"center center","background-size":"auto","background-attachment":"scroll","background-type":"","background-media":"","overlay-type":"","overlay-color":"","overlay-opacity":"","overlay-gradient":""},"mobile":{"background-color":"var(--ast-global-color-5)","background-image":"","background-repeat":"repeat","background-position":"center center","background-size":"auto","background-attachment":"scroll","background-type":"","background-media":"","overlay-type":"","overlay-color":"","overlay-opacity":"","overlay-gradient":""}},"_themeisle_gutenberg_block_has_review":false,"footnotes":""},"class_list":["post-3150","page","type-page","status-publish","hentry"],"featured_image_src":null,"tpgb_featured_images":null,"tpgb_post_meta_info":{"get_date":"septembre 7, 2023","get_modified_date":"octobre 31, 2023","author_name":"Fr\u00e9d\u00e9ric Nguyen","author_url":"https:\/\/insights-37.com\/fr\/author\/nguyenf\/","author_email":"fnn@page-37.com","author_website":"https:\/\/insights-37.com","author_description":"","author_facebook":"","author_twitter":"","author_instagram":"","author_role":["administrator"],"author_firstname":"","author_lastname":"","user_login":"nguyenf","author_avatar":"<img alt='' src='https:\/\/secure.gravatar.com\/avatar\/b461c33fd6b228455ff700f300b8974f6f1a16af29d727a803be876d10fd5854?s=200&#038;d=mm&#038;r=g' srcset='https:\/\/secure.gravatar.com\/avatar\/b461c33fd6b228455ff700f300b8974f6f1a16af29d727a803be876d10fd5854?s=400&#038;d=mm&#038;r=g 2x' class='avatar avatar-200 photo' height='200' width='200' loading='lazy' decoding='async'\/>","author_avatar_url":"https:\/\/secure.gravatar.com\/avatar\/b461c33fd6b228455ff700f300b8974f6f1a16af29d727a803be876d10fd5854?s=96&d=mm&r=g","comment_count":0,"post_likes":0,"post_views":0},"tpgb_post_category":[],"uagb_featured_image_src":{"full":false,"thumbnail":false,"medium":false,"medium_large":false,"large":false,"1536x1536":false,"2048x2048":false,"trp-custom-language-flag":false,"tp-image-grid":false},"uagb_author_info":{"display_name":"Fr\u00e9d\u00e9ric Nguyen","author_link":"https:\/\/insights-37.com\/fr\/author\/nguyenf\/"},"uagb_comment_info":0,"uagb_excerpt":"Choose from three purpose-built packages that suit your unique needs","_links":{"self":[{"href":"https:\/\/insights-37.com\/fr\/wp-json\/wp\/v2\/pages\/3150","targetHints":{"allow":["GET"]}}],"collection":[{"href":"https:\/\/insights-37.com\/fr\/wp-json\/wp\/v2\/pages"}],"about":[{"href":"https:\/\/insights-37.com\/fr\/wp-json\/wp\/v2\/types\/page"}],"author":[{"embeddable":true,"href":"https:\/\/insights-37.com\/fr\/wp-json\/wp\/v2\/users\/1"}],"replies":[{"embeddable":true,"href":"https:\/\/insights-37.com\/fr\/wp-json\/wp\/v2\/comments?post=3150"}],"version-history":[{"count":125,"href":"https:\/\/insights-37.com\/fr\/wp-json\/wp\/v2\/pages\/3150\/revisions"}],"predecessor-version":[{"id":3613,"href":"https:\/\/insights-37.com\/fr\/wp-json\/wp\/v2\/pages\/3150\/revisions\/3613"}],"wp:attachment":[{"href":"https:\/\/insights-37.com\/fr\/wp-json\/wp\/v2\/media?parent=3150"}],"curies":[{"name":"wp","href":"https:\/\/api.w.org\/{rel}","templated":true}]}}